{"id":1043,"date":"2019-10-14T18:15:27","date_gmt":"2019-10-14T16:15:27","guid":{"rendered":"https:\/\/kyushomallorca.com\/?page_id=1043"},"modified":"2019-11-18T14:11:55","modified_gmt":"2019-11-18T13:11:55","slug":"k-contenido","status":"publish","type":"page","link":"https:\/\/kyushomallorca.com\/index.php\/k-contenido\/","title":{"rendered":"K Contenido"},"content":{"rendered":"\t\t<div data-elementor-type=\"wp-page\" data-elementor-id=\"1043\" class=\"elementor elementor-1043\">\n\t\t\t\t\t\t<section class=\"elementor-section elementor-top-section elementor-element elementor-element-0d8881a elementor-section-boxed elementor-section-height-default elementor-section-height-default\" data-id=\"0d8881a\" data-element_type=\"section\">\n\t\t\t\t\t\t\t<div class=\"elementor-background-overlay\"><\/div>\n\t\t\t\t\t\t\t<div class=\"elementor-container elementor-column-gap-default\">\n\t\t\t\t\t<div class=\"elementor-column elementor-col-100 elementor-top-column elementor-element elementor-element-31e6553\" data-id=\"31e6553\" data-element_type=\"column\">\n\t\t\t<div class=\"elementor-widget-wrap elementor-element-populated\">\n\t\t\t\t\t\t<div class=\"elementor-element elementor-element-0beec06 elementor-widget elementor-widget-heading\" data-id=\"0beec06\" data-element_type=\"widget\" data-widget_type=\"heading.default\">\n\t\t\t\t<div class=\"elementor-widget-container\">\n\t\t\t\t\t<h2 class=\"elementor-heading-title elementor-size-default\">Medicina tradicional China<\/h2>\t\t\t\t<\/div>\n\t\t\t\t<\/div>\n\t\t\t\t<div class=\"elementor-element elementor-element-f2c3631 elementor-widget elementor-widget-text-editor\" data-id=\"f2c3631\" data-element_type=\"widget\" data-widget_type=\"text-editor.default\">\n\t\t\t\t<div class=\"elementor-widget-container\">\n\t\t\t\t\t\t\t\t\t<p><img fetchpriority=\"high\" decoding=\"async\" class=\" wp-image-1190 alignleft\" src=\"http:\/\/kyushomallorca.com\/wp-content\/uploads\/2019\/11\/MTCh_Medicina_Tradicional_ChinaFILEminimizer-300x126.jpg\" alt=\"\" width=\"546\" height=\"231\" srcset=\"https:\/\/kyushomallorca.com\/wp-content\/uploads\/2019\/11\/MTCh_Medicina_Tradicional_ChinaFILEminimizer-300x126.jpg 300w, https:\/\/kyushomallorca.com\/wp-content\/uploads\/2019\/11\/MTCh_Medicina_Tradicional_ChinaFILEminimizer-20x8.jpg 20w\" sizes=\"(max-width: 546px) 100vw, 546px\" \/>No puede entenderse el Kyusho sin los conocimientos aportados por la medicina tradicional China.\u00a0<\/p><p>Tiene en cuenta las emociones y los sentimientos, supuestos para influir en el estado fisiol\u00f3gico del hombre.<\/p><p>La fisiolog\u00eda de la medicina china afirma as\u00ed que todos los tejidos y v\u00edsceras del cuerpo humano est\u00e1n estrechamente relacionados.<\/p><p>La M.T.C. invita a una comprensi\u00f3n original de la vida, basada en los conceptos de extremo oriente del Movimiento din\u00e1mico (Yin\/Yang), de las Leyes elementales y de la energ\u00eda vital. Las m\u00e1s conocidas son Acupuntura y Shiatsu.<\/p>\t\t\t\t\t\t\t\t<\/div>\n\t\t\t\t<\/div>\n\t\t\t\t<div class=\"elementor-element elementor-element-7f96339 elementor-widget elementor-widget-heading\" data-id=\"7f96339\" data-element_type=\"widget\" data-widget_type=\"heading.default\">\n\t\t\t\t<div class=\"elementor-widget-container\">\n\t\t\t\t\t<h2 class=\"elementor-heading-title elementor-size-default\">El Yin y el Yang<\/h2>\t\t\t\t<\/div>\n\t\t\t\t<\/div>\n\t\t\t\t<div class=\"elementor-element elementor-element-8676ec1 elementor-widget elementor-widget-text-editor\" data-id=\"8676ec1\" data-element_type=\"widget\" data-widget_type=\"text-editor.default\">\n\t\t\t\t<div class=\"elementor-widget-container\">\n\t\t\t\t\t\t\t\t\t<p><img decoding=\"async\" class=\" wp-image-1090 alignleft\" src=\"http:\/\/kyushomallorca.com\/wp-content\/uploads\/2019\/10\/Yin-Yang4-300x182.jpg\" alt=\"\" width=\"358\" height=\"217\" srcset=\"https:\/\/kyushomallorca.com\/wp-content\/uploads\/2019\/10\/Yin-Yang4-300x182.jpg 300w, https:\/\/kyushomallorca.com\/wp-content\/uploads\/2019\/10\/Yin-Yang4-20x12.jpg 20w, https:\/\/kyushomallorca.com\/wp-content\/uploads\/2019\/10\/Yin-Yang4.jpg 381w\" sizes=\"(max-width: 358px) 100vw, 358px\" \/> \u00a0El TAO: Considera que el universo sale de la nada es el principio din\u00e1mico universal en el que todo movimiento (o toda transformaci\u00f3n), es el resultado del intercambio entre dos fuerzas primarias opuestas y complementarias, simbolizado por el YIN (el pasivo o principio negativo) y YANG (el activo o principio positivo).<\/p><p>\u00a0<\/p><p><img decoding=\"async\" class=\"alignnone size-medium wp-image-1089\" src=\"http:\/\/kyushomallorca.com\/wp-content\/uploads\/2019\/10\/Yin-Yang3-300x196.jpg\" alt=\"\" width=\"300\" height=\"196\" srcset=\"https:\/\/kyushomallorca.com\/wp-content\/uploads\/2019\/10\/Yin-Yang3-300x196.jpg 300w, https:\/\/kyushomallorca.com\/wp-content\/uploads\/2019\/10\/Yin-Yang3-20x13.jpg 20w, https:\/\/kyushomallorca.com\/wp-content\/uploads\/2019\/10\/Yin-Yang3.jpg 341w\" sizes=\"(max-width: 300px) 100vw, 300px\" \/> Toda la realidad del mundo la clasifican seg\u00fan YIN o YANG. A la luz y a la actividad Yang, le siguen la oscuridad y el reposo Yin. El Yin debe suceder al Yang y el Yang al Yin para conservar el equilibrio.<\/p><p>\u00a0<\/p>\t\t\t\t\t\t\t\t<\/div>\n\t\t\t\t<\/div>\n\t\t\t\t<div class=\"elementor-element elementor-element-b846f40 elementor-widget elementor-widget-heading\" data-id=\"b846f40\" data-element_type=\"widget\" data-widget_type=\"heading.default\">\n\t\t\t\t<div class=\"elementor-widget-container\">\n\t\t\t\t\t<h2 class=\"elementor-heading-title elementor-size-default\">Meridianos y Vasos<\/h2>\t\t\t\t<\/div>\n\t\t\t\t<\/div>\n\t\t\t\t<div class=\"elementor-element elementor-element-98ae58c elementor-widget elementor-widget-text-editor\" data-id=\"98ae58c\" data-element_type=\"widget\" data-widget_type=\"text-editor.default\">\n\t\t\t\t<div class=\"elementor-widget-container\">\n\t\t\t\t\t\t\t\t\t<p>L<img loading=\"lazy\" decoding=\"async\" class=\" wp-image-1091 alignleft\" src=\"http:\/\/kyushomallorca.com\/wp-content\/uploads\/2019\/10\/Meridianos-F-151x300.jpg\" alt=\"\" width=\"207\" height=\"411\" srcset=\"https:\/\/kyushomallorca.com\/wp-content\/uploads\/2019\/10\/Meridianos-F-151x300.jpg 151w, https:\/\/kyushomallorca.com\/wp-content\/uploads\/2019\/10\/Meridianos-F-10x20.jpg 10w, https:\/\/kyushomallorca.com\/wp-content\/uploads\/2019\/10\/Meridianos-F.jpg 216w\" sizes=\"(max-width: 207px) 100vw, 207px\" \/>a M.T.C. distingue 12 meridianos que son en general los circuitos o canales del cuerpo por el que pasa el Ki y dos vasos que se asocian a cada uno de los elementos que son los acumuladores de energ\u00eda.<\/p>\t\t\t\t\t\t\t\t<\/div>\n\t\t\t\t<\/div>\n\t\t\t\t<div class=\"elementor-element elementor-element-aea7cab elementor-widget elementor-widget-heading\" data-id=\"aea7cab\" data-element_type=\"widget\" data-widget_type=\"heading.default\">\n\t\t\t\t<div class=\"elementor-widget-container\">\n\t\t\t\t\t<h2 class=\"elementor-heading-title elementor-size-default\">Tsubos o puntos de presi\u00f3n<\/h2>\t\t\t\t<\/div>\n\t\t\t\t<\/div>\n\t\t\t\t<div class=\"elementor-element elementor-element-385eecd elementor-widget elementor-widget-text-editor\" data-id=\"385eecd\" data-element_type=\"widget\" data-widget_type=\"text-editor.default\">\n\t\t\t\t<div class=\"elementor-widget-container\">\n\t\t\t\t\t\t\t\t\t<p>\u00a0Sobre los meridianos se sit\u00faan unos puntos llamados \u00abTsubos\u00bb que se usan est\u00e1n en la acupuntura, en Shiatsu (masaje) o en Kyusho-Jitsu. Seg\u00fan la neurolog\u00eda occidental estos Tsubos se sit\u00faan en la terminaci\u00f3n de un nervio o la intersecci\u00f3n de dos nervios o m\u00e1s correctamente sobre un nervio que se separa en dos.<\/p><p><img loading=\"lazy\" decoding=\"async\" class=\"alignnone size-medium wp-image-1093\" src=\"http:\/\/kyushomallorca.com\/wp-content\/uploads\/2019\/10\/Puntos-cabezaFILEminimizer-250x300.jpg\" alt=\"\" width=\"250\" height=\"300\" srcset=\"https:\/\/kyushomallorca.com\/wp-content\/uploads\/2019\/10\/Puntos-cabezaFILEminimizer-250x300.jpg 250w, https:\/\/kyushomallorca.com\/wp-content\/uploads\/2019\/10\/Puntos-cabezaFILEminimizer-17x20.jpg 17w, https:\/\/kyushomallorca.com\/wp-content\/uploads\/2019\/10\/Puntos-cabezaFILEminimizer.jpg 354w\" sizes=\"(max-width: 250px) 100vw, 250px\" \/><img loading=\"lazy\" decoding=\"async\" class=\"alignnone size-medium wp-image-1092\" src=\"http:\/\/kyushomallorca.com\/wp-content\/uploads\/2019\/10\/Nervios-cabezaFILEminimizer-227x300.jpg\" alt=\"\" width=\"227\" height=\"300\" srcset=\"https:\/\/kyushomallorca.com\/wp-content\/uploads\/2019\/10\/Nervios-cabezaFILEminimizer-227x300.jpg 227w, https:\/\/kyushomallorca.com\/wp-content\/uploads\/2019\/10\/Nervios-cabezaFILEminimizer-15x20.jpg 15w, https:\/\/kyushomallorca.com\/wp-content\/uploads\/2019\/10\/Nervios-cabezaFILEminimizer.jpg 373w\" sizes=\"(max-width: 227px) 100vw, 227px\" \/>\u00a0<\/p>\t\t\t\t\t\t\t\t<\/div>\n\t\t\t\t<\/div>\n\t\t\t\t<div class=\"elementor-element elementor-element-2a232d4 elementor-widget elementor-widget-heading\" data-id=\"2a232d4\" data-element_type=\"widget\" data-widget_type=\"heading.default\">\n\t\t\t\t<div class=\"elementor-widget-container\">\n\t\t\t\t\t<h2 class=\"elementor-heading-title elementor-size-default\">Ataque a los tsubos o puntos de presi\u00f3n<\/h2>\t\t\t\t<\/div>\n\t\t\t\t<\/div>\n\t\t\t\t\t<\/div>\n\t\t<\/div>\n\t\t\t\t\t<\/div>\n\t\t<\/section>\n\t\t\t\t<section class=\"elementor-section elementor-top-section elementor-element elementor-element-179a276 elementor-section-boxed elementor-section-height-default elementor-section-height-default\" data-id=\"179a276\" data-element_type=\"section\">\n\t\t\t\t\t\t\t<div class=\"elementor-background-overlay\"><\/div>\n\t\t\t\t\t\t\t<div class=\"elementor-container elementor-column-gap-default\">\n\t\t\t\t\t<div class=\"elementor-column elementor-col-100 elementor-top-column elementor-element elementor-element-64faed9\" data-id=\"64faed9\" data-element_type=\"column\">\n\t\t\t<div class=\"elementor-widget-wrap elementor-element-populated\">\n\t\t\t\t\t\t<div class=\"elementor-element elementor-element-859f2de elementor-widget elementor-widget-text-editor\" data-id=\"859f2de\" data-element_type=\"widget\" data-widget_type=\"text-editor.default\">\n\t\t\t\t<div class=\"elementor-widget-container\">\n\t\t\t\t\t\t\t\t\t<p>El Kyusho-Jitsu, arte marcial, usa los Tsubos como blancos a alcanzar para actuar directamente sobre la circulaci\u00f3n de la energ\u00eda.<\/p><p>Se les designa con la misma nomenclatura que la usada en la acupuntura: P5 = quinto punto en el meridiano del pulm\u00f3n en el sentido del Ki.<\/p><p>Los denominados puntos de \u00abpresi\u00f3n\u00bb (en in<strong>g<\/strong>l\u00e9s \u00abpressure points\u00bb) afectan indirectamente a un \u00f3rgano, v\u00eda sistema nervioso. Su activaci\u00f3n generalmente trae consigo un dolor agudo, paralizando temporalmente la zona corporal interesada y repercute en este \u00f3rgano. La activaci\u00f3n encadenada o simult\u00e1nea de varios puntos de presi\u00f3n tiene un efecto acumulativo provocando generalmente la p\u00e9rdida de conocimiento del adversario. Se habla entonces de un \u201cK.O. neurol\u00f3gico\u00bb (K.O. = fuera de combate). Estos Tsubos se usan particularmente para salir de un agarre, perfeccionar la eficacia de una llave o una proyecci\u00f3n, provocar la reacci\u00f3n f\u00edsica del adversario para encadenar con un ataque consecutivo, provocar una ligera p\u00e9rdida de conocimiento.<\/p><p><img loading=\"lazy\" decoding=\"async\" class=\"size-medium wp-image-1094 alignleft\" src=\"http:\/\/kyushomallorca.com\/wp-content\/uploads\/2019\/10\/Dillman2-254x300.png\" alt=\"\" width=\"254\" height=\"300\" srcset=\"https:\/\/kyushomallorca.com\/wp-content\/uploads\/2019\/10\/Dillman2-254x300.png 254w, https:\/\/kyushomallorca.com\/wp-content\/uploads\/2019\/10\/Dillman2-17x20.png 17w, https:\/\/kyushomallorca.com\/wp-content\/uploads\/2019\/10\/Dillman2.png 315w\" sizes=\"(max-width: 254px) 100vw, 254px\" \/>Existen 3 formas diferentes de interactuar con los Puntos de Presi\u00f3n:<\/p><ul><li>Por presi\u00f3n<\/li><li>Por fricci\u00f3n<\/li><li>Por golpeo<\/li><\/ul><p>Cuando, como y a que Puntos atacar para defendernos, es ah\u00ed donde radica la base del Kyusho.<\/p>\t\t\t\t\t\t\t\t<\/div>\n\t\t\t\t<\/div>\n\t\t\t\t<div class=\"elementor-element elementor-element-a9cc81a elementor-widget elementor-widget-heading\" data-id=\"a9cc81a\" data-element_type=\"widget\" data-widget_type=\"heading.default\">\n\t\t\t\t<div class=\"elementor-widget-container\">\n\t\t\t\t\t<h2 class=\"elementor-heading-title elementor-size-default\">Kuatsu, Kyusho terape\u00fatico y masaje de restauraci\u00f3n<\/h2>\t\t\t\t<\/div>\n\t\t\t\t<\/div>\n\t\t\t\t<div class=\"elementor-element elementor-element-c4c9308 elementor-widget elementor-widget-text-editor\" data-id=\"c4c9308\" data-element_type=\"widget\" data-widget_type=\"text-editor.default\">\n\t\t\t\t<div class=\"elementor-widget-container\">\n\t\t\t\t\t\t\t\t\t<p>Dentro del Kyusho se incluye la formaci\u00f3n en Kuatsu que se puede definir como la recuperaci\u00f3n de la persona. Incluye reanimaci\u00f3n pulmonar, card\u00edaca, neurol\u00f3gica o hemorragia nasal por nombrar las m\u00e1s importantes.<\/p><p>Se incluye la formaci\u00f3n en Kyusho terap\u00e9utico donde es posible curar peque\u00f1os dolores como el de cabeza mediante acupresi\u00f3n.<\/p><p>Una vez que se termina la clase se realiza un masaje de restauraci\u00f3n para equilibrar el cuerpo.<\/p>\t\t\t\t\t\t\t\t<\/div>\n\t\t\t\t<\/div>\n\t\t\t\t\t<\/div>\n\t\t<\/div>\n\t\t\t\t\t<\/div>\n\t\t<\/section>\n\t\t\t\t<\/div>\n\t\t","protected":false},"excerpt":{"rendered":"<p>Medicina tradicional China No puede entenderse el Kyusho sin los conocimientos aportados por la medicina tradicional China.\u00a0 Tiene en cuenta las emociones y los sentimientos, supuestos para influir en el estado fisiol\u00f3gico del hombre. La fisiolog\u00eda de la medicina china afirma as\u00ed que todos los tejidos y v\u00edsceras del cuerpo humano est\u00e1n estrechamente relacionados. La&hellip;&nbsp;<a href=\"https:\/\/kyushomallorca.com\/index.php\/k-contenido\/\" class=\"\" rel=\"bookmark\">Leer m\u00e1s &raquo;<span class=\"screen-reader-text\">K Contenido<\/span><\/a><\/p>\n","protected":false},"author":1,"featured_media":0,"parent":0,"menu_order":0,"comment_status":"closed","ping_status":"closed","template":"","meta":{"_monsterinsights_skip_tracking":false,"_monsterinsights_sitenote_active":false,"_monsterinsights_sitenote_note":"","_monsterinsights_sitenote_category":0,"footnotes":""},"class_list":["post-1043","page","type-page","status-publish","hentry"],"yoast_head":"<!-- This site is optimized with the Yoast SEO plugin v27.5 - https:\/\/yoast.com\/product\/yoast-seo-wordpress\/ -->\n<title>K Contenido | DOJO KOBUKAN<\/title>\n<meta name=\"robots\" content=\"index, follow, max-snippet:-1, max-image-preview:large, max-video-preview:-1\" \/>\n<link rel=\"canonical\" href=\"https:\/\/kyushomallorca.com\/index.php\/k-contenido\/\" \/>\n<meta property=\"og:locale\" content=\"es_ES\" \/>\n<meta property=\"og:type\" content=\"article\" \/>\n<meta property=\"og:title\" content=\"K Contenido | DOJO KOBUKAN\" \/>\n<meta property=\"og:description\" content=\"Medicina tradicional China No puede entenderse el Kyusho sin los conocimientos aportados por la medicina tradicional China.\u00a0 Tiene en cuenta las emociones y los sentimientos, supuestos para influir en el estado fisiol\u00f3gico del hombre. La fisiolog\u00eda de la medicina china afirma as\u00ed que todos los tejidos y v\u00edsceras del cuerpo humano est\u00e1n estrechamente relacionados. La&hellip;&nbsp;Leer m\u00e1s &raquo;K Contenido\" \/>\n<meta property=\"og:url\" content=\"https:\/\/kyushomallorca.com\/index.php\/k-contenido\/\" \/>\n<meta property=\"og:site_name\" content=\"DOJO KOBUKAN\" \/>\n<meta property=\"article:publisher\" content=\"https:\/\/www.facebook.com\/pedro.ferrari.5817\" \/>\n<meta property=\"article:modified_time\" content=\"2019-11-18T13:11:55+00:00\" \/>\n<meta property=\"og:image\" content=\"https:\/\/kyushomallorca.com\/wp-content\/uploads\/2019\/11\/MTCh_Medicina_Tradicional_ChinaFILEminimizer-300x126.jpg\" \/>\n<meta name=\"twitter:card\" content=\"summary_large_image\" \/>\n<script type=\"application\/ld+json\" class=\"yoast-schema-graph\">{\"@context\":\"https:\\\/\\\/schema.org\",\"@graph\":[{\"@type\":\"WebPage\",\"@id\":\"https:\\\/\\\/kyushomallorca.com\\\/index.php\\\/k-contenido\\\/\",\"url\":\"https:\\\/\\\/kyushomallorca.com\\\/index.php\\\/k-contenido\\\/\",\"name\":\"K Contenido | DOJO KOBUKAN\",\"isPartOf\":{\"@id\":\"https:\\\/\\\/kyushomallorca.com\\\/#website\"},\"primaryImageOfPage\":{\"@id\":\"https:\\\/\\\/kyushomallorca.com\\\/index.php\\\/k-contenido\\\/#primaryimage\"},\"image\":{\"@id\":\"https:\\\/\\\/kyushomallorca.com\\\/index.php\\\/k-contenido\\\/#primaryimage\"},\"thumbnailUrl\":\"https:\\\/\\\/kyushomallorca.com\\\/wp-content\\\/uploads\\\/2019\\\/11\\\/MTCh_Medicina_Tradicional_ChinaFILEminimizer-300x126.jpg\",\"datePublished\":\"2019-10-14T16:15:27+00:00\",\"dateModified\":\"2019-11-18T13:11:55+00:00\",\"breadcrumb\":{\"@id\":\"https:\\\/\\\/kyushomallorca.com\\\/index.php\\\/k-contenido\\\/#breadcrumb\"},\"inLanguage\":\"es\",\"potentialAction\":[{\"@type\":\"ReadAction\",\"target\":[\"https:\\\/\\\/kyushomallorca.com\\\/index.php\\\/k-contenido\\\/\"]}]},{\"@type\":\"ImageObject\",\"inLanguage\":\"es\",\"@id\":\"https:\\\/\\\/kyushomallorca.com\\\/index.php\\\/k-contenido\\\/#primaryimage\",\"url\":\"https:\\\/\\\/kyushomallorca.com\\\/wp-content\\\/uploads\\\/2019\\\/11\\\/MTCh_Medicina_Tradicional_ChinaFILEminimizer.jpg\",\"contentUrl\":\"https:\\\/\\\/kyushomallorca.com\\\/wp-content\\\/uploads\\\/2019\\\/11\\\/MTCh_Medicina_Tradicional_ChinaFILEminimizer.jpg\",\"width\":670,\"height\":281},{\"@type\":\"BreadcrumbList\",\"@id\":\"https:\\\/\\\/kyushomallorca.com\\\/index.php\\\/k-contenido\\\/#breadcrumb\",\"itemListElement\":[{\"@type\":\"ListItem\",\"position\":1,\"name\":\"Inicio\",\"item\":\"https:\\\/\\\/kyushomallorca.com\\\/\"},{\"@type\":\"ListItem\",\"position\":2,\"name\":\"K Contenido\"}]},{\"@type\":\"WebSite\",\"@id\":\"https:\\\/\\\/kyushomallorca.com\\\/#website\",\"url\":\"https:\\\/\\\/kyushomallorca.com\\\/\",\"name\":\"DOJO KOBUKAN\",\"description\":\"\",\"publisher\":{\"@id\":\"https:\\\/\\\/kyushomallorca.com\\\/#organization\"},\"potentialAction\":[{\"@type\":\"SearchAction\",\"target\":{\"@type\":\"EntryPoint\",\"urlTemplate\":\"https:\\\/\\\/kyushomallorca.com\\\/?s={search_term_string}\"},\"query-input\":{\"@type\":\"PropertyValueSpecification\",\"valueRequired\":true,\"valueName\":\"search_term_string\"}}],\"inLanguage\":\"es\"},{\"@type\":\"Organization\",\"@id\":\"https:\\\/\\\/kyushomallorca.com\\\/#organization\",\"name\":\"DOJO KOBUKAN\",\"url\":\"https:\\\/\\\/kyushomallorca.com\\\/\",\"logo\":{\"@type\":\"ImageObject\",\"inLanguage\":\"es\",\"@id\":\"https:\\\/\\\/kyushomallorca.com\\\/#\\\/schema\\\/logo\\\/image\\\/\",\"url\":\"https:\\\/\\\/kyushomallorca.com\\\/wp-content\\\/uploads\\\/2020\\\/03\\\/LogoFILEminimizer.png\",\"contentUrl\":\"https:\\\/\\\/kyushomallorca.com\\\/wp-content\\\/uploads\\\/2020\\\/03\\\/LogoFILEminimizer.png\",\"width\":728,\"height\":726,\"caption\":\"DOJO KOBUKAN\"},\"image\":{\"@id\":\"https:\\\/\\\/kyushomallorca.com\\\/#\\\/schema\\\/logo\\\/image\\\/\"},\"sameAs\":[\"https:\\\/\\\/www.facebook.com\\\/pedro.ferrari.5817\",\"https:\\\/\\\/www.facebook.com\\\/profile.php?id=100083993152571\"]}]}<\/script>\n<!-- \/ Yoast SEO plugin. -->","yoast_head_json":{"title":"K Contenido | DOJO KOBUKAN","robots":{"index":"index","follow":"follow","max-snippet":"max-snippet:-1","max-image-preview":"max-image-preview:large","max-video-preview":"max-video-preview:-1"},"canonical":"https:\/\/kyushomallorca.com\/index.php\/k-contenido\/","og_locale":"es_ES","og_type":"article","og_title":"K Contenido | DOJO KOBUKAN","og_description":"Medicina tradicional China No puede entenderse el Kyusho sin los conocimientos aportados por la medicina tradicional China.\u00a0 Tiene en cuenta las emociones y los sentimientos, supuestos para influir en el estado fisiol\u00f3gico del hombre. La fisiolog\u00eda de la medicina china afirma as\u00ed que todos los tejidos y v\u00edsceras del cuerpo humano est\u00e1n estrechamente relacionados. La&hellip;&nbsp;Leer m\u00e1s &raquo;K Contenido","og_url":"https:\/\/kyushomallorca.com\/index.php\/k-contenido\/","og_site_name":"DOJO KOBUKAN","article_publisher":"https:\/\/www.facebook.com\/pedro.ferrari.5817","article_modified_time":"2019-11-18T13:11:55+00:00","og_image":[{"url":"https:\/\/kyushomallorca.com\/wp-content\/uploads\/2019\/11\/MTCh_Medicina_Tradicional_ChinaFILEminimizer-300x126.jpg","type":"","width":"","height":""}],"twitter_card":"summary_large_image","schema":{"@context":"https:\/\/schema.org","@graph":[{"@type":"WebPage","@id":"https:\/\/kyushomallorca.com\/index.php\/k-contenido\/","url":"https:\/\/kyushomallorca.com\/index.php\/k-contenido\/","name":"K Contenido | DOJO KOBUKAN","isPartOf":{"@id":"https:\/\/kyushomallorca.com\/#website"},"primaryImageOfPage":{"@id":"https:\/\/kyushomallorca.com\/index.php\/k-contenido\/#primaryimage"},"image":{"@id":"https:\/\/kyushomallorca.com\/index.php\/k-contenido\/#primaryimage"},"thumbnailUrl":"https:\/\/kyushomallorca.com\/wp-content\/uploads\/2019\/11\/MTCh_Medicina_Tradicional_ChinaFILEminimizer-300x126.jpg","datePublished":"2019-10-14T16:15:27+00:00","dateModified":"2019-11-18T13:11:55+00:00","breadcrumb":{"@id":"https:\/\/kyushomallorca.com\/index.php\/k-contenido\/#breadcrumb"},"inLanguage":"es","potentialAction":[{"@type":"ReadAction","target":["https:\/\/kyushomallorca.com\/index.php\/k-contenido\/"]}]},{"@type":"ImageObject","inLanguage":"es","@id":"https:\/\/kyushomallorca.com\/index.php\/k-contenido\/#primaryimage","url":"https:\/\/kyushomallorca.com\/wp-content\/uploads\/2019\/11\/MTCh_Medicina_Tradicional_ChinaFILEminimizer.jpg","contentUrl":"https:\/\/kyushomallorca.com\/wp-content\/uploads\/2019\/11\/MTCh_Medicina_Tradicional_ChinaFILEminimizer.jpg","width":670,"height":281},{"@type":"BreadcrumbList","@id":"https:\/\/kyushomallorca.com\/index.php\/k-contenido\/#breadcrumb","itemListElement":[{"@type":"ListItem","position":1,"name":"Inicio","item":"https:\/\/kyushomallorca.com\/"},{"@type":"ListItem","position":2,"name":"K Contenido"}]},{"@type":"WebSite","@id":"https:\/\/kyushomallorca.com\/#website","url":"https:\/\/kyushomallorca.com\/","name":"DOJO KOBUKAN","description":"","publisher":{"@id":"https:\/\/kyushomallorca.com\/#organization"},"potentialAction":[{"@type":"SearchAction","target":{"@type":"EntryPoint","urlTemplate":"https:\/\/kyushomallorca.com\/?s={search_term_string}"},"query-input":{"@type":"PropertyValueSpecification","valueRequired":true,"valueName":"search_term_string"}}],"inLanguage":"es"},{"@type":"Organization","@id":"https:\/\/kyushomallorca.com\/#organization","name":"DOJO KOBUKAN","url":"https:\/\/kyushomallorca.com\/","logo":{"@type":"ImageObject","inLanguage":"es","@id":"https:\/\/kyushomallorca.com\/#\/schema\/logo\/image\/","url":"https:\/\/kyushomallorca.com\/wp-content\/uploads\/2020\/03\/LogoFILEminimizer.png","contentUrl":"https:\/\/kyushomallorca.com\/wp-content\/uploads\/2020\/03\/LogoFILEminimizer.png","width":728,"height":726,"caption":"DOJO KOBUKAN"},"image":{"@id":"https:\/\/kyushomallorca.com\/#\/schema\/logo\/image\/"},"sameAs":["https:\/\/www.facebook.com\/pedro.ferrari.5817","https:\/\/www.facebook.com\/profile.php?id=100083993152571"]}]}},"_links":{"self":[{"href":"https:\/\/kyushomallorca.com\/index.php\/wp-json\/wp\/v2\/pages\/1043","targetHints":{"allow":["GET"]}}],"collection":[{"href":"https:\/\/kyushomallorca.com\/index.php\/wp-json\/wp\/v2\/pages"}],"about":[{"href":"https:\/\/kyushomallorca.com\/index.php\/wp-json\/wp\/v2\/types\/page"}],"author":[{"embeddable":true,"href":"https:\/\/kyushomallorca.com\/index.php\/wp-json\/wp\/v2\/users\/1"}],"replies":[{"embeddable":true,"href":"https:\/\/kyushomallorca.com\/index.php\/wp-json\/wp\/v2\/comments?post=1043"}],"version-history":[{"count":15,"href":"https:\/\/kyushomallorca.com\/index.php\/wp-json\/wp\/v2\/pages\/1043\/revisions"}],"predecessor-version":[{"id":1479,"href":"https:\/\/kyushomallorca.com\/index.php\/wp-json\/wp\/v2\/pages\/1043\/revisions\/1479"}],"wp:attachment":[{"href":"https:\/\/kyushomallorca.com\/index.php\/wp-json\/wp\/v2\/media?parent=1043"}],"curies":[{"name":"wp","href":"https:\/\/api.w.org\/{rel}","templated":true}]}}