{"id":1270,"date":"2020-03-20T10:38:46","date_gmt":"2020-03-20T09:38:46","guid":{"rendered":"https:\/\/kyushomallorca.com\/?page_id=1270"},"modified":"2021-05-06T10:23:59","modified_gmt":"2021-05-06T08:23:59","slug":"logo","status":"publish","type":"page","link":"https:\/\/kyushomallorca.com\/index.php\/logo\/","title":{"rendered":"LOGO"},"content":{"rendered":"\t\t<div data-elementor-type=\"wp-page\" data-elementor-id=\"1270\" class=\"elementor elementor-1270\">\n\t\t\t\t\t\t<section class=\"elementor-section elementor-top-section elementor-element elementor-element-08fdede elementor-section-boxed elementor-section-height-default elementor-section-height-default\" data-id=\"08fdede\" data-element_type=\"section\">\n\t\t\t\t\t\t<div class=\"elementor-container elementor-column-gap-default\">\n\t\t\t\t\t<div class=\"elementor-column elementor-col-100 elementor-top-column elementor-element elementor-element-24abd65\" data-id=\"24abd65\" data-element_type=\"column\">\n\t\t\t<div class=\"elementor-widget-wrap elementor-element-populated\">\n\t\t\t\t\t\t<div class=\"elementor-element elementor-element-e67f4f4 elementor-widget elementor-widget-image\" data-id=\"e67f4f4\" data-element_type=\"widget\" data-widget_type=\"image.default\">\n\t\t\t\t<div class=\"elementor-widget-container\">\n\t\t\t\t\t\t\t\t\t\t\t\t\t\t\t<img decoding=\"async\" src=\"https:\/\/kyushomallorca.com\/wp-content\/uploads\/elementor\/thumbs\/LogoFILEminimizer-ppd1yktcw4xqdzufcqnfflpqmisb5kfzs6abk5anus.png\" title=\"Logo(FILEminimizer)\" alt=\"Nuestro logo\" loading=\"lazy\" \/>\t\t\t\t\t\t\t\t\t\t\t\t\t\t\t<\/div>\n\t\t\t\t<\/div>\n\t\t\t\t<div class=\"elementor-element elementor-element-acbcec8 elementor-widget elementor-widget-heading\" data-id=\"acbcec8\" data-element_type=\"widget\" data-widget_type=\"heading.default\">\n\t\t\t\t<div class=\"elementor-widget-container\">\n\t\t\t\t\t<h2 class=\"elementor-heading-title elementor-size-default\">La forma<\/h2>\t\t\t\t<\/div>\n\t\t\t\t<\/div>\n\t\t\t\t<div class=\"elementor-element elementor-element-405ba50 elementor-widget elementor-widget-text-editor\" data-id=\"405ba50\" data-element_type=\"widget\" data-widget_type=\"text-editor.default\">\n\t\t\t\t<div class=\"elementor-widget-container\">\n\t\t\t\t\t\t\t\t\t<p>Dec\u00edan los antiguos que la tierra era\u00a0 un circulo y el cielo un cuadrado, si colocamos el cuadrado dentro del c\u00edrculo la forma intermedia es un oct\u00f3gono que viene a ser el puente que une el cielo y la tierra o el 8 como simbolismo de los templarios. De echo la mayor\u00eda de torres de las iglesias tienen forma octogonal. Morihei Ueshiba el fundador del Aikido dec\u00eda que deb\u00edamos practicar Aikido en el puente que une el cielo y la tierra.\u00a0<\/p>\t\t\t\t\t\t\t\t<\/div>\n\t\t\t\t<\/div>\n\t\t\t\t<div class=\"elementor-element elementor-element-a2932c9 elementor-widget elementor-widget-image\" data-id=\"a2932c9\" data-element_type=\"widget\" data-widget_type=\"image.default\">\n\t\t\t\t<div class=\"elementor-widget-container\">\n\t\t\t\t\t\t\t\t\t\t\t\t\t\t\t<img fetchpriority=\"high\" decoding=\"async\" width=\"242\" height=\"234\" src=\"https:\/\/kyushomallorca.com\/wp-content\/uploads\/2020\/03\/Octogono.png\" class=\"attachment-large size-large wp-image-1279\" alt=\"\" \/>\t\t\t\t\t\t\t\t\t\t\t\t\t\t\t<\/div>\n\t\t\t\t<\/div>\n\t\t\t\t<div class=\"elementor-element elementor-element-a4284d6 elementor-widget elementor-widget-heading\" data-id=\"a4284d6\" data-element_type=\"widget\" data-widget_type=\"heading.default\">\n\t\t\t\t<div class=\"elementor-widget-container\">\n\t\t\t\t\t<h2 class=\"elementor-heading-title elementor-size-default\">El nombre<\/h2>\t\t\t\t<\/div>\n\t\t\t\t<\/div>\n\t\t\t\t<div class=\"elementor-element elementor-element-f375894 elementor-widget elementor-widget-text-editor\" data-id=\"f375894\" data-element_type=\"widget\" data-widget_type=\"text-editor.default\">\n\t\t\t\t<div class=\"elementor-widget-container\">\n\t\t\t\t\t\t\t\t\t<p>\u00abDO\u00bb camino, \u00abJO\u00bb que significa lugar, \u00abKO\u00bb significa lo antiguo \u00abBU\u00bb significa arma o guerrero y \u00abKAN\u00bb significa templo. DOJO generalmente es el lugar donde se practican artes marciales japonesas y KOBUKAN se traducir\u00eda como el templo del antiguo arte del arma y el guerrero.\u00a0<\/p><p>Cabe decir que el DOJO KOBUKAN fue el primer Dojo que abri\u00f3 Morihei Ueshiba en Tokio, en el distrito de Shinjuku, en Abril de 1931, con lo que adoptamos su nombre en su homenaje.<\/p>\t\t\t\t\t\t\t\t<\/div>\n\t\t\t\t<\/div>\n\t\t\t\t<div class=\"elementor-element elementor-element-bd1ff82 elementor-widget elementor-widget-heading\" data-id=\"bd1ff82\" data-element_type=\"widget\" data-widget_type=\"heading.default\">\n\t\t\t\t<div class=\"elementor-widget-container\">\n\t\t\t\t\t<h2 class=\"elementor-heading-title elementor-size-default\">Los Kanjis<\/h2>\t\t\t\t<\/div>\n\t\t\t\t<\/div>\n\t\t\t\t<div class=\"elementor-element elementor-element-d37e5cc elementor-widget elementor-widget-text-editor\" data-id=\"d37e5cc\" data-element_type=\"widget\" data-widget_type=\"text-editor.default\">\n\t\t\t\t<div class=\"elementor-widget-container\">\n\t\t\t\t\t\t\t\t\t<p><\/p>\n<p><span style=\"color: #000000;\">Comentando con mi hijo le dije vamos a pensar tres palabras que definan cada arte marcial de las que practicamos y entre los dos surgi\u00f3 lo siguiente:<\/span><\/p>\n<p><span style=\"color: #000000;\">&#8211; Aikido; Armon\u00eda&nbsp;<span style=\"background-color: #f8f9fa; font-family: inherit; font-size: 24px; white-space: pre-wrap;\">\u8abf\u548c.<\/span><\/span><\/p>\n<p><span style=\"color: #000000;\"><span style=\"background-color: #f8f9fa; font-family: inherit; font-size: 24px; white-space: pre-wrap;\">&#8211; Kyusho Jitsu: Precisi\u00f3n <\/span><span style=\"background-color: #f8f9fa; font-family: arial, sans-serif; font-size: 24px; white-space: pre-wrap;\">\u7cbe\u5ea6.<\/span><\/span><\/p>\n<p><span style=\"color: #000000;\"><span style=\"background-color: #f8f9fa; font-family: arial, sans-serif; font-size: 24px; white-space: pre-wrap;\">&#8211; Defensa personal: Efectividad <\/span><span style=\"background-color: #f8f9fa; font-family: inherit; font-size: 24px; white-space: pre-wrap;\">\u6709\u52b9\u6027<\/span><\/span><\/p>\n<p><span style=\"background-color: #f8f9fa; color: #000000; font-family: inherit; font-size: 24px; white-space: pre-wrap;\">A partir de aqu\u00ed lo a\u00f1adimos como Kanjis en nuestro escudo que representan lo que queremos transmitir.<\/span><\/p>\t\t\t\t\t\t\t\t<\/div>\n\t\t\t\t<\/div>\n\t\t\t\t<div class=\"elementor-element elementor-element-5e05076 elementor-widget elementor-widget-heading\" data-id=\"5e05076\" data-element_type=\"widget\" data-widget_type=\"heading.default\">\n\t\t\t\t<div class=\"elementor-widget-container\">\n\t\t\t\t\t<h2 class=\"elementor-heading-title elementor-size-default\">El dibujo central<\/h2>\t\t\t\t<\/div>\n\t\t\t\t<\/div>\n\t\t\t\t<div class=\"elementor-element elementor-element-a076489 elementor-widget elementor-widget-text-editor\" data-id=\"a076489\" data-element_type=\"widget\" data-widget_type=\"text-editor.default\">\n\t\t\t\t<div class=\"elementor-widget-container\">\n\t\t\t\t\t\t\t\t\t<p>Varios s\u00edmbolos japoneses que forman parte del nombre de nuestro dojo:<\/p><p>&#8211; El sol naciente, s\u00edmbolo de la bandera de Jap\u00f3n.<\/p><p>&#8211; Un tori es un arco tradicional japon\u00e9s o puerta sagrada que suele encontrarse a la entrada de los santuarios sintoistas, marcando la frontera entre el espacio profano y el sagrado.<\/p><p>&#8211; Un guerrero con su arma.<\/p>\t\t\t\t\t\t\t\t<\/div>\n\t\t\t\t<\/div>\n\t\t\t\t\t<\/div>\n\t\t<\/div>\n\t\t\t\t\t<\/div>\n\t\t<\/section>\n\t\t\t\t<\/div>\n\t\t","protected":false},"excerpt":{"rendered":"<p>La forma Dec\u00edan los antiguos que la tierra era\u00a0 un circulo y el cielo un cuadrado, si colocamos el cuadrado dentro del c\u00edrculo la forma intermedia es un oct\u00f3gono que viene a ser el puente que une el cielo y la tierra o el 8 como simbolismo de los templarios. De echo la mayor\u00eda de&hellip;&nbsp;<a href=\"https:\/\/kyushomallorca.com\/index.php\/logo\/\" class=\"\" rel=\"bookmark\">Leer m\u00e1s &raquo;<span class=\"screen-reader-text\">LOGO<\/span><\/a><\/p>\n","protected":false},"author":1,"featured_media":0,"parent":0,"menu_order":0,"comment_status":"closed","ping_status":"closed","template":"page-templates\/template-pagebuilder-full-width.php","meta":{"_monsterinsights_skip_tracking":false,"_monsterinsights_sitenote_active":false,"_monsterinsights_sitenote_note":"","_monsterinsights_sitenote_category":0,"footnotes":""},"class_list":["post-1270","page","type-page","status-publish","hentry"],"yoast_head":"<!-- This site is optimized with the Yoast SEO plugin v27.5 - https:\/\/yoast.com\/product\/yoast-seo-wordpress\/ -->\n<title>LOGO | DOJO KOBUKAN<\/title>\n<meta name=\"description\" content=\"logo kobukan defensa personal aikido artes marciales kyusho jitsu jiu jitsu judo inca mallorca\" \/>\n<meta name=\"robots\" content=\"index, follow, max-snippet:-1, max-image-preview:large, max-video-preview:-1\" \/>\n<link rel=\"canonical\" href=\"https:\/\/kyushomallorca.com\/index.php\/logo\/\" \/>\n<meta property=\"og:locale\" content=\"es_ES\" \/>\n<meta property=\"og:type\" content=\"article\" \/>\n<meta property=\"og:title\" content=\"LOGO | DOJO KOBUKAN\" \/>\n<meta property=\"og:description\" content=\"logo kobukan defensa personal aikido artes marciales kyusho jitsu jiu jitsu judo inca mallorca\" \/>\n<meta property=\"og:url\" content=\"https:\/\/kyushomallorca.com\/index.php\/logo\/\" \/>\n<meta property=\"og:site_name\" content=\"DOJO KOBUKAN\" \/>\n<meta property=\"article:publisher\" content=\"https:\/\/www.facebook.com\/pedro.ferrari.5817\" \/>\n<meta property=\"article:modified_time\" content=\"2021-05-06T08:23:59+00:00\" \/>\n<meta property=\"og:image\" content=\"https:\/\/kyushomallorca.com\/wp-content\/uploads\/elementor\/thumbs\/LogoFILEminimizer-omt96b6uyx6v0lnjl2e8h35ht3f8stp26s4a7y1qv8.png\" \/>\n<meta name=\"twitter:card\" content=\"summary_large_image\" \/>\n<script type=\"application\/ld+json\" class=\"yoast-schema-graph\">{\"@context\":\"https:\\\/\\\/schema.org\",\"@graph\":[{\"@type\":\"WebPage\",\"@id\":\"https:\\\/\\\/kyushomallorca.com\\\/index.php\\\/logo\\\/\",\"url\":\"https:\\\/\\\/kyushomallorca.com\\\/index.php\\\/logo\\\/\",\"name\":\"LOGO | DOJO KOBUKAN\",\"isPartOf\":{\"@id\":\"https:\\\/\\\/kyushomallorca.com\\\/#website\"},\"primaryImageOfPage\":{\"@id\":\"https:\\\/\\\/kyushomallorca.com\\\/index.php\\\/logo\\\/#primaryimage\"},\"image\":{\"@id\":\"https:\\\/\\\/kyushomallorca.com\\\/index.php\\\/logo\\\/#primaryimage\"},\"thumbnailUrl\":\"https:\\\/\\\/kyushomallorca.com\\\/wp-content\\\/uploads\\\/elementor\\\/thumbs\\\/LogoFILEminimizer-omt96b6uyx6v0lnjl2e8h35ht3f8stp26s4a7y1qv8.png\",\"datePublished\":\"2020-03-20T09:38:46+00:00\",\"dateModified\":\"2021-05-06T08:23:59+00:00\",\"description\":\"logo kobukan defensa personal aikido artes marciales kyusho jitsu jiu jitsu judo inca mallorca\",\"breadcrumb\":{\"@id\":\"https:\\\/\\\/kyushomallorca.com\\\/index.php\\\/logo\\\/#breadcrumb\"},\"inLanguage\":\"es\",\"potentialAction\":[{\"@type\":\"ReadAction\",\"target\":[\"https:\\\/\\\/kyushomallorca.com\\\/index.php\\\/logo\\\/\"]}]},{\"@type\":\"ImageObject\",\"inLanguage\":\"es\",\"@id\":\"https:\\\/\\\/kyushomallorca.com\\\/index.php\\\/logo\\\/#primaryimage\",\"url\":\"https:\\\/\\\/kyushomallorca.com\\\/wp-content\\\/uploads\\\/elementor\\\/thumbs\\\/LogoFILEminimizer-omt96b6uyx6v0lnjl2e8h35ht3f8stp26s4a7y1qv8.png\",\"contentUrl\":\"https:\\\/\\\/kyushomallorca.com\\\/wp-content\\\/uploads\\\/elementor\\\/thumbs\\\/LogoFILEminimizer-omt96b6uyx6v0lnjl2e8h35ht3f8stp26s4a7y1qv8.png\"},{\"@type\":\"BreadcrumbList\",\"@id\":\"https:\\\/\\\/kyushomallorca.com\\\/index.php\\\/logo\\\/#breadcrumb\",\"itemListElement\":[{\"@type\":\"ListItem\",\"position\":1,\"name\":\"Inicio\",\"item\":\"https:\\\/\\\/kyushomallorca.com\\\/\"},{\"@type\":\"ListItem\",\"position\":2,\"name\":\"LOGO\"}]},{\"@type\":\"WebSite\",\"@id\":\"https:\\\/\\\/kyushomallorca.com\\\/#website\",\"url\":\"https:\\\/\\\/kyushomallorca.com\\\/\",\"name\":\"DOJO KOBUKAN\",\"description\":\"\",\"publisher\":{\"@id\":\"https:\\\/\\\/kyushomallorca.com\\\/#organization\"},\"potentialAction\":[{\"@type\":\"SearchAction\",\"target\":{\"@type\":\"EntryPoint\",\"urlTemplate\":\"https:\\\/\\\/kyushomallorca.com\\\/?s={search_term_string}\"},\"query-input\":{\"@type\":\"PropertyValueSpecification\",\"valueRequired\":true,\"valueName\":\"search_term_string\"}}],\"inLanguage\":\"es\"},{\"@type\":\"Organization\",\"@id\":\"https:\\\/\\\/kyushomallorca.com\\\/#organization\",\"name\":\"DOJO KOBUKAN\",\"url\":\"https:\\\/\\\/kyushomallorca.com\\\/\",\"logo\":{\"@type\":\"ImageObject\",\"inLanguage\":\"es\",\"@id\":\"https:\\\/\\\/kyushomallorca.com\\\/#\\\/schema\\\/logo\\\/image\\\/\",\"url\":\"https:\\\/\\\/kyushomallorca.com\\\/wp-content\\\/uploads\\\/2020\\\/03\\\/LogoFILEminimizer.png\",\"contentUrl\":\"https:\\\/\\\/kyushomallorca.com\\\/wp-content\\\/uploads\\\/2020\\\/03\\\/LogoFILEminimizer.png\",\"width\":728,\"height\":726,\"caption\":\"DOJO KOBUKAN\"},\"image\":{\"@id\":\"https:\\\/\\\/kyushomallorca.com\\\/#\\\/schema\\\/logo\\\/image\\\/\"},\"sameAs\":[\"https:\\\/\\\/www.facebook.com\\\/pedro.ferrari.5817\",\"https:\\\/\\\/www.facebook.com\\\/profile.php?id=100083993152571\"]}]}<\/script>\n<!-- \/ Yoast SEO plugin. -->","yoast_head_json":{"title":"LOGO | DOJO KOBUKAN","description":"logo kobukan defensa personal aikido artes marciales kyusho jitsu jiu jitsu judo inca mallorca","robots":{"index":"index","follow":"follow","max-snippet":"max-snippet:-1","max-image-preview":"max-image-preview:large","max-video-preview":"max-video-preview:-1"},"canonical":"https:\/\/kyushomallorca.com\/index.php\/logo\/","og_locale":"es_ES","og_type":"article","og_title":"LOGO | DOJO KOBUKAN","og_description":"logo kobukan defensa personal aikido artes marciales kyusho jitsu jiu jitsu judo inca mallorca","og_url":"https:\/\/kyushomallorca.com\/index.php\/logo\/","og_site_name":"DOJO KOBUKAN","article_publisher":"https:\/\/www.facebook.com\/pedro.ferrari.5817","article_modified_time":"2021-05-06T08:23:59+00:00","og_image":[{"url":"https:\/\/kyushomallorca.com\/wp-content\/uploads\/elementor\/thumbs\/LogoFILEminimizer-omt96b6uyx6v0lnjl2e8h35ht3f8stp26s4a7y1qv8.png","type":"","width":"","height":""}],"twitter_card":"summary_large_image","schema":{"@context":"https:\/\/schema.org","@graph":[{"@type":"WebPage","@id":"https:\/\/kyushomallorca.com\/index.php\/logo\/","url":"https:\/\/kyushomallorca.com\/index.php\/logo\/","name":"LOGO | DOJO KOBUKAN","isPartOf":{"@id":"https:\/\/kyushomallorca.com\/#website"},"primaryImageOfPage":{"@id":"https:\/\/kyushomallorca.com\/index.php\/logo\/#primaryimage"},"image":{"@id":"https:\/\/kyushomallorca.com\/index.php\/logo\/#primaryimage"},"thumbnailUrl":"https:\/\/kyushomallorca.com\/wp-content\/uploads\/elementor\/thumbs\/LogoFILEminimizer-omt96b6uyx6v0lnjl2e8h35ht3f8stp26s4a7y1qv8.png","datePublished":"2020-03-20T09:38:46+00:00","dateModified":"2021-05-06T08:23:59+00:00","description":"logo kobukan defensa personal aikido artes marciales kyusho jitsu jiu jitsu judo inca mallorca","breadcrumb":{"@id":"https:\/\/kyushomallorca.com\/index.php\/logo\/#breadcrumb"},"inLanguage":"es","potentialAction":[{"@type":"ReadAction","target":["https:\/\/kyushomallorca.com\/index.php\/logo\/"]}]},{"@type":"ImageObject","inLanguage":"es","@id":"https:\/\/kyushomallorca.com\/index.php\/logo\/#primaryimage","url":"https:\/\/kyushomallorca.com\/wp-content\/uploads\/elementor\/thumbs\/LogoFILEminimizer-omt96b6uyx6v0lnjl2e8h35ht3f8stp26s4a7y1qv8.png","contentUrl":"https:\/\/kyushomallorca.com\/wp-content\/uploads\/elementor\/thumbs\/LogoFILEminimizer-omt96b6uyx6v0lnjl2e8h35ht3f8stp26s4a7y1qv8.png"},{"@type":"BreadcrumbList","@id":"https:\/\/kyushomallorca.com\/index.php\/logo\/#breadcrumb","itemListElement":[{"@type":"ListItem","position":1,"name":"Inicio","item":"https:\/\/kyushomallorca.com\/"},{"@type":"ListItem","position":2,"name":"LOGO"}]},{"@type":"WebSite","@id":"https:\/\/kyushomallorca.com\/#website","url":"https:\/\/kyushomallorca.com\/","name":"DOJO KOBUKAN","description":"","publisher":{"@id":"https:\/\/kyushomallorca.com\/#organization"},"potentialAction":[{"@type":"SearchAction","target":{"@type":"EntryPoint","urlTemplate":"https:\/\/kyushomallorca.com\/?s={search_term_string}"},"query-input":{"@type":"PropertyValueSpecification","valueRequired":true,"valueName":"search_term_string"}}],"inLanguage":"es"},{"@type":"Organization","@id":"https:\/\/kyushomallorca.com\/#organization","name":"DOJO KOBUKAN","url":"https:\/\/kyushomallorca.com\/","logo":{"@type":"ImageObject","inLanguage":"es","@id":"https:\/\/kyushomallorca.com\/#\/schema\/logo\/image\/","url":"https:\/\/kyushomallorca.com\/wp-content\/uploads\/2020\/03\/LogoFILEminimizer.png","contentUrl":"https:\/\/kyushomallorca.com\/wp-content\/uploads\/2020\/03\/LogoFILEminimizer.png","width":728,"height":726,"caption":"DOJO KOBUKAN"},"image":{"@id":"https:\/\/kyushomallorca.com\/#\/schema\/logo\/image\/"},"sameAs":["https:\/\/www.facebook.com\/pedro.ferrari.5817","https:\/\/www.facebook.com\/profile.php?id=100083993152571"]}]}},"_links":{"self":[{"href":"https:\/\/kyushomallorca.com\/index.php\/wp-json\/wp\/v2\/pages\/1270","targetHints":{"allow":["GET"]}}],"collection":[{"href":"https:\/\/kyushomallorca.com\/index.php\/wp-json\/wp\/v2\/pages"}],"about":[{"href":"https:\/\/kyushomallorca.com\/index.php\/wp-json\/wp\/v2\/types\/page"}],"author":[{"embeddable":true,"href":"https:\/\/kyushomallorca.com\/index.php\/wp-json\/wp\/v2\/users\/1"}],"replies":[{"embeddable":true,"href":"https:\/\/kyushomallorca.com\/index.php\/wp-json\/wp\/v2\/comments?post=1270"}],"version-history":[{"count":17,"href":"https:\/\/kyushomallorca.com\/index.php\/wp-json\/wp\/v2\/pages\/1270\/revisions"}],"predecessor-version":[{"id":1383,"href":"https:\/\/kyushomallorca.com\/index.php\/wp-json\/wp\/v2\/pages\/1270\/revisions\/1383"}],"wp:attachment":[{"href":"https:\/\/kyushomallorca.com\/index.php\/wp-json\/wp\/v2\/media?parent=1270"}],"curies":[{"name":"wp","href":"https:\/\/api.w.org\/{rel}","templated":true}]}}