{"id":1458,"date":"2021-05-11T13:35:44","date_gmt":"2021-05-11T11:35:44","guid":{"rendered":"https:\/\/kyushomallorca.com\/?page_id=1458"},"modified":"2025-10-06T08:40:51","modified_gmt":"2025-10-06T06:40:51","slug":"elementor-1458","status":"publish","type":"page","link":"https:\/\/kyushomallorca.com\/index.php\/elementor-1458\/","title":{"rendered":"A Historia"},"content":{"rendered":"\t\t<div data-elementor-type=\"wp-page\" data-elementor-id=\"1458\" class=\"elementor elementor-1458\">\n\t\t\t\t\t\t<section class=\"elementor-section elementor-top-section elementor-element elementor-element-90c6185 elementor-section-boxed elementor-section-height-default elementor-section-height-default\" data-id=\"90c6185\" data-element_type=\"section\">\n\t\t\t\t\t\t<div class=\"elementor-container elementor-column-gap-default\">\n\t\t\t\t\t<div class=\"elementor-column elementor-col-100 elementor-top-column elementor-element elementor-element-4bae4ef\" data-id=\"4bae4ef\" data-element_type=\"column\">\n\t\t\t<div class=\"elementor-widget-wrap elementor-element-populated\">\n\t\t\t\t\t\t<div class=\"elementor-element elementor-element-4d26172 elementor-widget elementor-widget-heading\" data-id=\"4d26172\" data-element_type=\"widget\" data-widget_type=\"heading.default\">\n\t\t\t\t<div class=\"elementor-widget-container\">\n\t\t\t\t\t<h2 class=\"elementor-heading-title elementor-size-default\">EL FUNDADOR DEL AIKIDO<\/h2>\t\t\t\t<\/div>\n\t\t\t\t<\/div>\n\t\t\t\t\t<\/div>\n\t\t<\/div>\n\t\t\t\t\t<\/div>\n\t\t<\/section>\n\t\t\t\t<section class=\"elementor-section elementor-top-section elementor-element elementor-element-3e11c0a elementor-section-boxed elementor-section-height-default elementor-section-height-default\" data-id=\"3e11c0a\" data-element_type=\"section\">\n\t\t\t\t\t\t<div class=\"elementor-container elementor-column-gap-default\">\n\t\t\t\t\t<div class=\"elementor-column elementor-col-100 elementor-top-column elementor-element elementor-element-96121e5\" data-id=\"96121e5\" data-element_type=\"column\">\n\t\t\t<div class=\"elementor-widget-wrap elementor-element-populated\">\n\t\t\t\t\t\t<div class=\"elementor-element elementor-element-9292222 elementor-widget elementor-widget-text-editor\" data-id=\"9292222\" data-element_type=\"widget\" data-widget_type=\"text-editor.default\">\n\t\t\t\t<div class=\"elementor-widget-container\">\n\t\t\t\t\t\t\t\t\t<p><img fetchpriority=\"high\" decoding=\"async\" class=\"size-medium wp-image-1481 alignleft\" src=\"https:\/\/kyushomallorca.com\/wp-content\/uploads\/2021\/05\/O-Sensei-Classic-1FILEminimizer-244x300.jpg\" alt=\"\" width=\"244\" height=\"300\" srcset=\"https:\/\/kyushomallorca.com\/wp-content\/uploads\/2021\/05\/O-Sensei-Classic-1FILEminimizer-244x300.jpg 244w, https:\/\/kyushomallorca.com\/wp-content\/uploads\/2021\/05\/O-Sensei-Classic-1FILEminimizer-833x1024.jpg 833w, https:\/\/kyushomallorca.com\/wp-content\/uploads\/2021\/05\/O-Sensei-Classic-1FILEminimizer-768x944.jpg 768w, https:\/\/kyushomallorca.com\/wp-content\/uploads\/2021\/05\/O-Sensei-Classic-1FILEminimizer.jpg 1129w\" sizes=\"(max-width: 244px) 100vw, 244px\" \/> Morihei Ueshiba naci\u00f3 el 14 de diciembre de 1983 en Tanabe, cerca de Osaka, (Isla de Hondo, Jap\u00f3n).<\/p><p>En su juventud, practic\u00f3 diferentes estilos de lucha cuerpo a cuerpo, tanto a manos desnudas como con armas tradicionales como el sable, la lanza, la bayoneta o el bast\u00f3n.<\/p><p>De las experiencias adquiridas, en 1931 cre\u00f3 su propio m\u00e9todo de combate al que dio el nombre de AIKIBUDO, cuya ense\u00f1anza impart\u00eda en el Dojo Kobukan de Tokio.<\/p><p>En 1942 decidi\u00f3 cambiar el nombre de AIKIBUDO, por el de AIKIDO, por lo que dio una nueva orientaci\u00f3n a su arte de la no-violencia, basado en el principio de \u201cimpedir herir sin herir\u201d.<\/p><p>En 1948 el Kobukan se trasform\u00f3 en el que hoy es el Aikikai.<\/p><p>El 26 de abril de 1969 fallece O\u2019Sensei, Maestro de Maestros y fundador del Aikido.<\/p>\t\t\t\t\t\t\t\t<\/div>\n\t\t\t\t<\/div>\n\t\t\t\t\t<\/div>\n\t\t<\/div>\n\t\t\t\t\t<\/div>\n\t\t<\/section>\n\t\t\t\t<section class=\"elementor-section elementor-top-section elementor-element elementor-element-6ac8a0f elementor-section-boxed elementor-section-height-default elementor-section-height-default\" data-id=\"6ac8a0f\" data-element_type=\"section\">\n\t\t\t\t\t\t<div class=\"elementor-container elementor-column-gap-default\">\n\t\t\t\t\t<div class=\"elementor-column elementor-col-100 elementor-top-column elementor-element elementor-element-7fda79b\" data-id=\"7fda79b\" data-element_type=\"column\">\n\t\t\t<div class=\"elementor-widget-wrap elementor-element-populated\">\n\t\t\t\t\t\t<div class=\"elementor-element elementor-element-19f26e1 elementor-widget elementor-widget-heading\" data-id=\"19f26e1\" data-element_type=\"widget\" data-widget_type=\"heading.default\">\n\t\t\t\t<div class=\"elementor-widget-container\">\n\t\t\t\t\t<h2 class=\"elementor-heading-title elementor-size-default\">EL AIKIDO<\/h2>\t\t\t\t<\/div>\n\t\t\t\t<\/div>\n\t\t\t\t\t<\/div>\n\t\t<\/div>\n\t\t\t\t\t<\/div>\n\t\t<\/section>\n\t\t\t\t<section class=\"elementor-section elementor-top-section elementor-element elementor-element-7a18b63 elementor-section-boxed elementor-section-height-default elementor-section-height-default\" data-id=\"7a18b63\" data-element_type=\"section\">\n\t\t\t\t\t\t<div class=\"elementor-container elementor-column-gap-default\">\n\t\t\t\t\t<div class=\"elementor-column elementor-col-100 elementor-top-column elementor-element elementor-element-0e29e2d\" data-id=\"0e29e2d\" data-element_type=\"column\">\n\t\t\t<div class=\"elementor-widget-wrap elementor-element-populated\">\n\t\t\t\t\t\t<div class=\"elementor-element elementor-element-f1d1350 elementor-widget elementor-widget-text-editor\" data-id=\"f1d1350\" data-element_type=\"widget\" data-widget_type=\"text-editor.default\">\n\t\t\t\t<div class=\"elementor-widget-container\">\n\t\t\t\t\t\t\t\t\t<p><img decoding=\"async\" class=\"wp-image-1330 alignleft\" src=\"https:\/\/kyushomallorca.com\/wp-content\/uploads\/2020\/07\/Kanji-Aikido-2.jpg\" alt=\"\" width=\"88\" height=\"246\" \/>\u00a0El nombre de aikido, es una composici\u00f3n de tres vocablos o ideogramas japoneses cuyo significado etimol\u00f3gico es el siguiente:<\/p><p>AI: unir, armon\u00eda, unanimidad, amor.<\/p><p>KI: energ\u00eda, fuerza vital, el esp\u00edritu, aliento.<\/p><p>DO: estudio, b\u00fasqueda, camino, v\u00eda, modo<\/p><p>El Maestro lo defini\u00f3 de esta manera:, \u201cEl Aikido es el camino de la armon\u00eda entre el hombre y el universo\u201d<\/p><p>Es un arte marcial que ense\u00f1a como resolver todo tipo de conflictos, mediante la no violencia, y la b\u00fasqueda del entendimiento y la paz entre las personas.<\/p><p>Excluye la competici\u00f3n porque su finalidad no es la de entrenarse para ser el vencedor sobre otros, sino para luchar contra las propias debilidades y defectos.<\/p>\t\t\t\t\t\t\t\t<\/div>\n\t\t\t\t<\/div>\n\t\t\t\t\t<\/div>\n\t\t<\/div>\n\t\t\t\t\t<\/div>\n\t\t<\/section>\n\t\t\t\t<\/div>\n\t\t","protected":false},"excerpt":{"rendered":"<p>EL FUNDADOR DEL AIKIDO Morihei Ueshiba naci\u00f3 el 14 de diciembre de 1983 en Tanabe, cerca de Osaka, (Isla de Hondo, Jap\u00f3n). En su juventud, practic\u00f3 diferentes estilos de lucha cuerpo a cuerpo, tanto a manos desnudas como con armas tradicionales como el sable, la lanza, la bayoneta o el bast\u00f3n. De las experiencias adquiridas,&hellip;&nbsp;<a href=\"https:\/\/kyushomallorca.com\/index.php\/elementor-1458\/\" class=\"\" rel=\"bookmark\">Leer m\u00e1s &raquo;<span class=\"screen-reader-text\">A Historia<\/span><\/a><\/p>\n","protected":false},"author":1,"featured_media":0,"parent":0,"menu_order":0,"comment_status":"closed","ping_status":"closed","template":"page-templates\/template-pagebuilder-full-width.php","meta":{"_monsterinsights_skip_tracking":false,"_monsterinsights_sitenote_active":false,"_monsterinsights_sitenote_note":"","_monsterinsights_sitenote_category":0,"footnotes":""},"class_list":["post-1458","page","type-page","status-publish","hentry"],"yoast_head":"<!-- This site is optimized with the Yoast SEO plugin v27.5 - https:\/\/yoast.com\/product\/yoast-seo-wordpress\/ -->\n<title>A Historia | DOJO KOBUKAN<\/title>\n<meta name=\"description\" content=\"Historia de como creamos nuestro Club Dojo Kobukan en Inca.\" \/>\n<meta name=\"robots\" content=\"index, follow, max-snippet:-1, max-image-preview:large, max-video-preview:-1\" \/>\n<link rel=\"canonical\" href=\"https:\/\/kyushomallorca.com\/index.php\/elementor-1458\/\" \/>\n<meta property=\"og:locale\" content=\"es_ES\" \/>\n<meta property=\"og:type\" content=\"article\" \/>\n<meta property=\"og:title\" content=\"A Historia | DOJO KOBUKAN\" \/>\n<meta property=\"og:description\" content=\"Historia de como creamos nuestro Club Dojo Kobukan en Inca.\" \/>\n<meta property=\"og:url\" content=\"https:\/\/kyushomallorca.com\/index.php\/elementor-1458\/\" \/>\n<meta property=\"og:site_name\" content=\"DOJO KOBUKAN\" \/>\n<meta property=\"article:publisher\" content=\"https:\/\/www.facebook.com\/pedro.ferrari.5817\" \/>\n<meta property=\"article:modified_time\" content=\"2025-10-06T06:40:51+00:00\" \/>\n<meta property=\"og:image\" content=\"https:\/\/kyushomallorca.com\/wp-content\/uploads\/2021\/05\/O-Sensei-Classic-1FILEminimizer-244x300.jpg\" \/>\n<meta name=\"twitter:card\" content=\"summary_large_image\" \/>\n<script type=\"application\/ld+json\" class=\"yoast-schema-graph\">{\"@context\":\"https:\\\/\\\/schema.org\",\"@graph\":[{\"@type\":\"WebPage\",\"@id\":\"https:\\\/\\\/kyushomallorca.com\\\/index.php\\\/elementor-1458\\\/\",\"url\":\"https:\\\/\\\/kyushomallorca.com\\\/index.php\\\/elementor-1458\\\/\",\"name\":\"A Historia | DOJO KOBUKAN\",\"isPartOf\":{\"@id\":\"https:\\\/\\\/kyushomallorca.com\\\/#website\"},\"primaryImageOfPage\":{\"@id\":\"https:\\\/\\\/kyushomallorca.com\\\/index.php\\\/elementor-1458\\\/#primaryimage\"},\"image\":{\"@id\":\"https:\\\/\\\/kyushomallorca.com\\\/index.php\\\/elementor-1458\\\/#primaryimage\"},\"thumbnailUrl\":\"https:\\\/\\\/kyushomallorca.com\\\/wp-content\\\/uploads\\\/2021\\\/05\\\/O-Sensei-Classic-1FILEminimizer-244x300.jpg\",\"datePublished\":\"2021-05-11T11:35:44+00:00\",\"dateModified\":\"2025-10-06T06:40:51+00:00\",\"description\":\"Historia de como creamos nuestro Club Dojo Kobukan en Inca.\",\"breadcrumb\":{\"@id\":\"https:\\\/\\\/kyushomallorca.com\\\/index.php\\\/elementor-1458\\\/#breadcrumb\"},\"inLanguage\":\"es\",\"potentialAction\":[{\"@type\":\"ReadAction\",\"target\":[\"https:\\\/\\\/kyushomallorca.com\\\/index.php\\\/elementor-1458\\\/\"]}]},{\"@type\":\"ImageObject\",\"inLanguage\":\"es\",\"@id\":\"https:\\\/\\\/kyushomallorca.com\\\/index.php\\\/elementor-1458\\\/#primaryimage\",\"url\":\"https:\\\/\\\/kyushomallorca.com\\\/wp-content\\\/uploads\\\/2021\\\/05\\\/O-Sensei-Classic-1FILEminimizer.jpg\",\"contentUrl\":\"https:\\\/\\\/kyushomallorca.com\\\/wp-content\\\/uploads\\\/2021\\\/05\\\/O-Sensei-Classic-1FILEminimizer.jpg\",\"width\":1129,\"height\":1388},{\"@type\":\"BreadcrumbList\",\"@id\":\"https:\\\/\\\/kyushomallorca.com\\\/index.php\\\/elementor-1458\\\/#breadcrumb\",\"itemListElement\":[{\"@type\":\"ListItem\",\"position\":1,\"name\":\"Inicio\",\"item\":\"https:\\\/\\\/kyushomallorca.com\\\/\"},{\"@type\":\"ListItem\",\"position\":2,\"name\":\"A Historia\"}]},{\"@type\":\"WebSite\",\"@id\":\"https:\\\/\\\/kyushomallorca.com\\\/#website\",\"url\":\"https:\\\/\\\/kyushomallorca.com\\\/\",\"name\":\"DOJO KOBUKAN\",\"description\":\"\",\"publisher\":{\"@id\":\"https:\\\/\\\/kyushomallorca.com\\\/#organization\"},\"potentialAction\":[{\"@type\":\"SearchAction\",\"target\":{\"@type\":\"EntryPoint\",\"urlTemplate\":\"https:\\\/\\\/kyushomallorca.com\\\/?s={search_term_string}\"},\"query-input\":{\"@type\":\"PropertyValueSpecification\",\"valueRequired\":true,\"valueName\":\"search_term_string\"}}],\"inLanguage\":\"es\"},{\"@type\":\"Organization\",\"@id\":\"https:\\\/\\\/kyushomallorca.com\\\/#organization\",\"name\":\"DOJO KOBUKAN\",\"url\":\"https:\\\/\\\/kyushomallorca.com\\\/\",\"logo\":{\"@type\":\"ImageObject\",\"inLanguage\":\"es\",\"@id\":\"https:\\\/\\\/kyushomallorca.com\\\/#\\\/schema\\\/logo\\\/image\\\/\",\"url\":\"https:\\\/\\\/kyushomallorca.com\\\/wp-content\\\/uploads\\\/2020\\\/03\\\/LogoFILEminimizer.png\",\"contentUrl\":\"https:\\\/\\\/kyushomallorca.com\\\/wp-content\\\/uploads\\\/2020\\\/03\\\/LogoFILEminimizer.png\",\"width\":728,\"height\":726,\"caption\":\"DOJO KOBUKAN\"},\"image\":{\"@id\":\"https:\\\/\\\/kyushomallorca.com\\\/#\\\/schema\\\/logo\\\/image\\\/\"},\"sameAs\":[\"https:\\\/\\\/www.facebook.com\\\/pedro.ferrari.5817\",\"https:\\\/\\\/www.facebook.com\\\/profile.php?id=100083993152571\"]}]}<\/script>\n<!-- \/ Yoast SEO plugin. -->","yoast_head_json":{"title":"A Historia | DOJO KOBUKAN","description":"Historia de como creamos nuestro Club Dojo Kobukan en Inca.","robots":{"index":"index","follow":"follow","max-snippet":"max-snippet:-1","max-image-preview":"max-image-preview:large","max-video-preview":"max-video-preview:-1"},"canonical":"https:\/\/kyushomallorca.com\/index.php\/elementor-1458\/","og_locale":"es_ES","og_type":"article","og_title":"A Historia | DOJO KOBUKAN","og_description":"Historia de como creamos nuestro Club Dojo Kobukan en Inca.","og_url":"https:\/\/kyushomallorca.com\/index.php\/elementor-1458\/","og_site_name":"DOJO KOBUKAN","article_publisher":"https:\/\/www.facebook.com\/pedro.ferrari.5817","article_modified_time":"2025-10-06T06:40:51+00:00","og_image":[{"url":"https:\/\/kyushomallorca.com\/wp-content\/uploads\/2021\/05\/O-Sensei-Classic-1FILEminimizer-244x300.jpg","type":"","width":"","height":""}],"twitter_card":"summary_large_image","schema":{"@context":"https:\/\/schema.org","@graph":[{"@type":"WebPage","@id":"https:\/\/kyushomallorca.com\/index.php\/elementor-1458\/","url":"https:\/\/kyushomallorca.com\/index.php\/elementor-1458\/","name":"A Historia | DOJO KOBUKAN","isPartOf":{"@id":"https:\/\/kyushomallorca.com\/#website"},"primaryImageOfPage":{"@id":"https:\/\/kyushomallorca.com\/index.php\/elementor-1458\/#primaryimage"},"image":{"@id":"https:\/\/kyushomallorca.com\/index.php\/elementor-1458\/#primaryimage"},"thumbnailUrl":"https:\/\/kyushomallorca.com\/wp-content\/uploads\/2021\/05\/O-Sensei-Classic-1FILEminimizer-244x300.jpg","datePublished":"2021-05-11T11:35:44+00:00","dateModified":"2025-10-06T06:40:51+00:00","description":"Historia de como creamos nuestro Club Dojo Kobukan en Inca.","breadcrumb":{"@id":"https:\/\/kyushomallorca.com\/index.php\/elementor-1458\/#breadcrumb"},"inLanguage":"es","potentialAction":[{"@type":"ReadAction","target":["https:\/\/kyushomallorca.com\/index.php\/elementor-1458\/"]}]},{"@type":"ImageObject","inLanguage":"es","@id":"https:\/\/kyushomallorca.com\/index.php\/elementor-1458\/#primaryimage","url":"https:\/\/kyushomallorca.com\/wp-content\/uploads\/2021\/05\/O-Sensei-Classic-1FILEminimizer.jpg","contentUrl":"https:\/\/kyushomallorca.com\/wp-content\/uploads\/2021\/05\/O-Sensei-Classic-1FILEminimizer.jpg","width":1129,"height":1388},{"@type":"BreadcrumbList","@id":"https:\/\/kyushomallorca.com\/index.php\/elementor-1458\/#breadcrumb","itemListElement":[{"@type":"ListItem","position":1,"name":"Inicio","item":"https:\/\/kyushomallorca.com\/"},{"@type":"ListItem","position":2,"name":"A Historia"}]},{"@type":"WebSite","@id":"https:\/\/kyushomallorca.com\/#website","url":"https:\/\/kyushomallorca.com\/","name":"DOJO KOBUKAN","description":"","publisher":{"@id":"https:\/\/kyushomallorca.com\/#organization"},"potentialAction":[{"@type":"SearchAction","target":{"@type":"EntryPoint","urlTemplate":"https:\/\/kyushomallorca.com\/?s={search_term_string}"},"query-input":{"@type":"PropertyValueSpecification","valueRequired":true,"valueName":"search_term_string"}}],"inLanguage":"es"},{"@type":"Organization","@id":"https:\/\/kyushomallorca.com\/#organization","name":"DOJO KOBUKAN","url":"https:\/\/kyushomallorca.com\/","logo":{"@type":"ImageObject","inLanguage":"es","@id":"https:\/\/kyushomallorca.com\/#\/schema\/logo\/image\/","url":"https:\/\/kyushomallorca.com\/wp-content\/uploads\/2020\/03\/LogoFILEminimizer.png","contentUrl":"https:\/\/kyushomallorca.com\/wp-content\/uploads\/2020\/03\/LogoFILEminimizer.png","width":728,"height":726,"caption":"DOJO KOBUKAN"},"image":{"@id":"https:\/\/kyushomallorca.com\/#\/schema\/logo\/image\/"},"sameAs":["https:\/\/www.facebook.com\/pedro.ferrari.5817","https:\/\/www.facebook.com\/profile.php?id=100083993152571"]}]}},"_links":{"self":[{"href":"https:\/\/kyushomallorca.com\/index.php\/wp-json\/wp\/v2\/pages\/1458","targetHints":{"allow":["GET"]}}],"collection":[{"href":"https:\/\/kyushomallorca.com\/index.php\/wp-json\/wp\/v2\/pages"}],"about":[{"href":"https:\/\/kyushomallorca.com\/index.php\/wp-json\/wp\/v2\/types\/page"}],"author":[{"embeddable":true,"href":"https:\/\/kyushomallorca.com\/index.php\/wp-json\/wp\/v2\/users\/1"}],"replies":[{"embeddable":true,"href":"https:\/\/kyushomallorca.com\/index.php\/wp-json\/wp\/v2\/comments?post=1458"}],"version-history":[{"count":21,"href":"https:\/\/kyushomallorca.com\/index.php\/wp-json\/wp\/v2\/pages\/1458\/revisions"}],"predecessor-version":[{"id":1487,"href":"https:\/\/kyushomallorca.com\/index.php\/wp-json\/wp\/v2\/pages\/1458\/revisions\/1487"}],"wp:attachment":[{"href":"https:\/\/kyushomallorca.com\/index.php\/wp-json\/wp\/v2\/media?parent=1458"}],"curies":[{"name":"wp","href":"https:\/\/api.w.org\/{rel}","templated":true}]}}