{"id":1575,"date":"2021-12-28T14:10:45","date_gmt":"2021-12-28T13:10:45","guid":{"rendered":"https:\/\/kyushomallorca.com\/?page_id=1575"},"modified":"2021-12-28T18:16:58","modified_gmt":"2021-12-28T17:16:58","slug":"historia-y-contenido-jiu-jitsu","status":"publish","type":"page","link":"https:\/\/kyushomallorca.com\/index.php\/historia-y-contenido-jiu-jitsu\/","title":{"rendered":"Historia y contenido Jiu Jitsu"},"content":{"rendered":"\t\t<div data-elementor-type=\"wp-page\" data-elementor-id=\"1575\" class=\"elementor elementor-1575\">\n\t\t\t\t\t\t<section class=\"elementor-section elementor-top-section elementor-element elementor-element-32a2f87 elementor-section-boxed elementor-section-height-default elementor-section-height-default\" data-id=\"32a2f87\" data-element_type=\"section\">\n\t\t\t\t\t\t<div class=\"elementor-container elementor-column-gap-default\">\n\t\t\t\t\t<div class=\"elementor-column elementor-col-100 elementor-top-column elementor-element elementor-element-2489669\" data-id=\"2489669\" data-element_type=\"column\">\n\t\t\t<div class=\"elementor-widget-wrap elementor-element-populated\">\n\t\t\t\t\t\t<div class=\"elementor-element elementor-element-71cc66c elementor-widget elementor-widget-text-editor\" data-id=\"71cc66c\" data-element_type=\"widget\" data-widget_type=\"text-editor.default\">\n\t\t\t\t<div class=\"elementor-widget-container\">\n\t\t\t\t\t\t\t\t\t<h2><span style=\"color: #ff0000;\"><strong><img decoding=\"async\" class=\"alignnone size-full wp-image-1539\" src=\"https:\/\/kyushomallorca.com\/wp-content\/uploads\/2021\/12\/Jiu_Jitsu.jpg\" alt=\"\" width=\"196\" height=\"200\">Origen del Jiu Jitsu<\/strong><\/span><\/h2>\n<p>El Jiu jitsu es una modalidad de origen japon\u00e9s que se enmarca dentro de sistemas de combate como los bujutsu. Se caracterizaban por emplear armas largas como pueden ser las katanas o los sables, entre otras opciones. Ten\u00edan en el combate cuerpo a cuerpo su principal m\u00e9todo.<\/p>\n<p>Todo apunta a que detr\u00e1s del origen de esta disciplina est\u00e1 el guerrero llamado Sekuni que se encarg\u00f3 de llevar a la muerte a Tajima ante el Emperador Suinin. Seg\u00fan los datos que han llegado hasta nuestros d\u00edas para ello empleo un m\u00e9todo en el que se mezclaban golpes en zonas claves, estrangulamientos, sumisiones as\u00ed como el uso de una serie de armas tradicionales.<\/p>\n<p>Desde su origen hasta ahora esta disciplina se ha ido adaptando a t\u00e9cnicas modernas que derivan de este deporte como puede ser el judo, y el Aikido.<\/p>\n<h2><span style=\"color: #ff0000;\"><strong>En qu\u00e9 consiste el Jiu Jitsu japon\u00e9s<\/strong><\/span><\/h2>\n<p><\/p>\n<p>El jiu jitsu es un tipo de Arte Marcial de estilo cl\u00e1sico que cuenta entre sus t\u00e9cnicas con unos movimientos y t\u00e9cnicas de combate modernas que consisten en golpes de mano y pi\u00e9, proyecciones, inmovilizaciones, luxaciones e inmovilizaciones. Hace la defensa sin recurrir al uso de las armas uno de sus principales pilares.<\/p>\n<p><\/p>\n<p>Usa una serie de t\u00e9cnicas que parten de los m\u00e9todos que empleaban los guerreros japoneses conocidos como bushi para hacer frente as\u00ed a los samur\u00e1is que portaban armaduras, etc.<\/p>\n<p>Dentro de esta modalidad se puede emplear una serie de objetos que pueden actuar a modo de armas defensivas u ofensivas. Aqu\u00ed se encuentran opciones como palo corto y cuchillo.<\/p>\n<p><\/p>\n<p>Como con todas las disciplinas de Artes Marciales, el jiu jitsu cuenta con una serie de caracter\u00edsticas que permiten distinguirlo.<\/p>\n<p>Se practica sobre un suelo cubierto con estera o con un tatami. Se realiza con un uniforme de color blanco al que se suele sumar escudo.<\/p>\n<p><\/p>\n<p>Tambi\u00e9n cuenta con un sistema de grados cl\u00e1sico que no se diferencia del sistema cinturones de colores que se origin\u00f3 en el judo.<\/p>\t\t\t\t\t\t\t\t<\/div>\n\t\t\t\t<\/div>\n\t\t\t\t\t<\/div>\n\t\t<\/div>\n\t\t\t\t\t<\/div>\n\t\t<\/section>\n\t\t\t\t<\/div>\n\t\t","protected":false},"excerpt":{"rendered":"<p>Origen del Jiu Jitsu El Jiu jitsu es una modalidad de origen japon\u00e9s que se enmarca dentro de sistemas de combate como los bujutsu. Se caracterizaban por emplear armas largas como pueden ser las katanas o los sables, entre otras opciones. Ten\u00edan en el combate cuerpo a cuerpo su principal m\u00e9todo. Todo apunta a que&hellip;&nbsp;<a href=\"https:\/\/kyushomallorca.com\/index.php\/historia-y-contenido-jiu-jitsu\/\" class=\"\" rel=\"bookmark\">Leer m\u00e1s &raquo;<span class=\"screen-reader-text\">Historia y contenido Jiu Jitsu<\/span><\/a><\/p>\n","protected":false},"author":1,"featured_media":0,"parent":0,"menu_order":0,"comment_status":"closed","ping_status":"closed","template":"page-templates\/template-pagebuilder-full-width.php","meta":{"_monsterinsights_skip_tracking":false,"_monsterinsights_sitenote_active":false,"_monsterinsights_sitenote_note":"","_monsterinsights_sitenote_category":0,"footnotes":""},"class_list":["post-1575","page","type-page","status-publish","hentry"],"yoast_head":"<!-- This site is optimized with the Yoast SEO plugin v27.5 - https:\/\/yoast.com\/product\/yoast-seo-wordpress\/ -->\n<title>Historia y contenido Jiu Jitsu | DOJO KOBUKAN<\/title>\n<meta name=\"robots\" content=\"index, follow, max-snippet:-1, max-image-preview:large, max-video-preview:-1\" \/>\n<link rel=\"canonical\" href=\"https:\/\/kyushomallorca.com\/index.php\/historia-y-contenido-jiu-jitsu\/\" \/>\n<meta property=\"og:locale\" content=\"es_ES\" \/>\n<meta property=\"og:type\" content=\"article\" \/>\n<meta property=\"og:title\" content=\"Historia y contenido Jiu Jitsu | DOJO KOBUKAN\" \/>\n<meta property=\"og:description\" content=\"Origen del Jiu Jitsu El Jiu jitsu es una modalidad de origen japon\u00e9s que se enmarca dentro de sistemas de combate como los bujutsu. Se caracterizaban por emplear armas largas como pueden ser las katanas o los sables, entre otras opciones. Ten\u00edan en el combate cuerpo a cuerpo su principal m\u00e9todo. Todo apunta a que&hellip;&nbsp;Leer m\u00e1s &raquo;Historia y contenido Jiu Jitsu\" \/>\n<meta property=\"og:url\" content=\"https:\/\/kyushomallorca.com\/index.php\/historia-y-contenido-jiu-jitsu\/\" \/>\n<meta property=\"og:site_name\" content=\"DOJO KOBUKAN\" \/>\n<meta property=\"article:publisher\" content=\"https:\/\/www.facebook.com\/pedro.ferrari.5817\" \/>\n<meta property=\"article:modified_time\" content=\"2021-12-28T17:16:58+00:00\" \/>\n<meta property=\"og:image\" content=\"https:\/\/kyushomallorca.com\/wp-content\/uploads\/2021\/12\/Jiu_Jitsu.jpg\" \/>\n<meta name=\"twitter:card\" content=\"summary_large_image\" \/>\n<script type=\"application\/ld+json\" class=\"yoast-schema-graph\">{\"@context\":\"https:\\\/\\\/schema.org\",\"@graph\":[{\"@type\":\"WebPage\",\"@id\":\"https:\\\/\\\/kyushomallorca.com\\\/index.php\\\/historia-y-contenido-jiu-jitsu\\\/\",\"url\":\"https:\\\/\\\/kyushomallorca.com\\\/index.php\\\/historia-y-contenido-jiu-jitsu\\\/\",\"name\":\"Historia y contenido Jiu Jitsu | DOJO KOBUKAN\",\"isPartOf\":{\"@id\":\"https:\\\/\\\/kyushomallorca.com\\\/#website\"},\"primaryImageOfPage\":{\"@id\":\"https:\\\/\\\/kyushomallorca.com\\\/index.php\\\/historia-y-contenido-jiu-jitsu\\\/#primaryimage\"},\"image\":{\"@id\":\"https:\\\/\\\/kyushomallorca.com\\\/index.php\\\/historia-y-contenido-jiu-jitsu\\\/#primaryimage\"},\"thumbnailUrl\":\"https:\\\/\\\/kyushomallorca.com\\\/wp-content\\\/uploads\\\/2021\\\/12\\\/Jiu_Jitsu.jpg\",\"datePublished\":\"2021-12-28T13:10:45+00:00\",\"dateModified\":\"2021-12-28T17:16:58+00:00\",\"breadcrumb\":{\"@id\":\"https:\\\/\\\/kyushomallorca.com\\\/index.php\\\/historia-y-contenido-jiu-jitsu\\\/#breadcrumb\"},\"inLanguage\":\"es\",\"potentialAction\":[{\"@type\":\"ReadAction\",\"target\":[\"https:\\\/\\\/kyushomallorca.com\\\/index.php\\\/historia-y-contenido-jiu-jitsu\\\/\"]}]},{\"@type\":\"ImageObject\",\"inLanguage\":\"es\",\"@id\":\"https:\\\/\\\/kyushomallorca.com\\\/index.php\\\/historia-y-contenido-jiu-jitsu\\\/#primaryimage\",\"url\":\"https:\\\/\\\/kyushomallorca.com\\\/wp-content\\\/uploads\\\/2021\\\/12\\\/Jiu_Jitsu.jpg\",\"contentUrl\":\"https:\\\/\\\/kyushomallorca.com\\\/wp-content\\\/uploads\\\/2021\\\/12\\\/Jiu_Jitsu.jpg\",\"width\":196,\"height\":200},{\"@type\":\"BreadcrumbList\",\"@id\":\"https:\\\/\\\/kyushomallorca.com\\\/index.php\\\/historia-y-contenido-jiu-jitsu\\\/#breadcrumb\",\"itemListElement\":[{\"@type\":\"ListItem\",\"position\":1,\"name\":\"Inicio\",\"item\":\"https:\\\/\\\/kyushomallorca.com\\\/\"},{\"@type\":\"ListItem\",\"position\":2,\"name\":\"Historia y contenido Jiu Jitsu\"}]},{\"@type\":\"WebSite\",\"@id\":\"https:\\\/\\\/kyushomallorca.com\\\/#website\",\"url\":\"https:\\\/\\\/kyushomallorca.com\\\/\",\"name\":\"DOJO KOBUKAN\",\"description\":\"\",\"publisher\":{\"@id\":\"https:\\\/\\\/kyushomallorca.com\\\/#organization\"},\"potentialAction\":[{\"@type\":\"SearchAction\",\"target\":{\"@type\":\"EntryPoint\",\"urlTemplate\":\"https:\\\/\\\/kyushomallorca.com\\\/?s={search_term_string}\"},\"query-input\":{\"@type\":\"PropertyValueSpecification\",\"valueRequired\":true,\"valueName\":\"search_term_string\"}}],\"inLanguage\":\"es\"},{\"@type\":\"Organization\",\"@id\":\"https:\\\/\\\/kyushomallorca.com\\\/#organization\",\"name\":\"DOJO KOBUKAN\",\"url\":\"https:\\\/\\\/kyushomallorca.com\\\/\",\"logo\":{\"@type\":\"ImageObject\",\"inLanguage\":\"es\",\"@id\":\"https:\\\/\\\/kyushomallorca.com\\\/#\\\/schema\\\/logo\\\/image\\\/\",\"url\":\"https:\\\/\\\/kyushomallorca.com\\\/wp-content\\\/uploads\\\/2020\\\/03\\\/LogoFILEminimizer.png\",\"contentUrl\":\"https:\\\/\\\/kyushomallorca.com\\\/wp-content\\\/uploads\\\/2020\\\/03\\\/LogoFILEminimizer.png\",\"width\":728,\"height\":726,\"caption\":\"DOJO KOBUKAN\"},\"image\":{\"@id\":\"https:\\\/\\\/kyushomallorca.com\\\/#\\\/schema\\\/logo\\\/image\\\/\"},\"sameAs\":[\"https:\\\/\\\/www.facebook.com\\\/pedro.ferrari.5817\",\"https:\\\/\\\/www.facebook.com\\\/profile.php?id=100083993152571\"]}]}<\/script>\n<!-- \/ Yoast SEO plugin. -->","yoast_head_json":{"title":"Historia y contenido Jiu Jitsu | DOJO KOBUKAN","robots":{"index":"index","follow":"follow","max-snippet":"max-snippet:-1","max-image-preview":"max-image-preview:large","max-video-preview":"max-video-preview:-1"},"canonical":"https:\/\/kyushomallorca.com\/index.php\/historia-y-contenido-jiu-jitsu\/","og_locale":"es_ES","og_type":"article","og_title":"Historia y contenido Jiu Jitsu | DOJO KOBUKAN","og_description":"Origen del Jiu Jitsu El Jiu jitsu es una modalidad de origen japon\u00e9s que se enmarca dentro de sistemas de combate como los bujutsu. Se caracterizaban por emplear armas largas como pueden ser las katanas o los sables, entre otras opciones. Ten\u00edan en el combate cuerpo a cuerpo su principal m\u00e9todo. Todo apunta a que&hellip;&nbsp;Leer m\u00e1s &raquo;Historia y contenido Jiu Jitsu","og_url":"https:\/\/kyushomallorca.com\/index.php\/historia-y-contenido-jiu-jitsu\/","og_site_name":"DOJO KOBUKAN","article_publisher":"https:\/\/www.facebook.com\/pedro.ferrari.5817","article_modified_time":"2021-12-28T17:16:58+00:00","og_image":[{"url":"https:\/\/kyushomallorca.com\/wp-content\/uploads\/2021\/12\/Jiu_Jitsu.jpg","type":"","width":"","height":""}],"twitter_card":"summary_large_image","schema":{"@context":"https:\/\/schema.org","@graph":[{"@type":"WebPage","@id":"https:\/\/kyushomallorca.com\/index.php\/historia-y-contenido-jiu-jitsu\/","url":"https:\/\/kyushomallorca.com\/index.php\/historia-y-contenido-jiu-jitsu\/","name":"Historia y contenido Jiu Jitsu | DOJO KOBUKAN","isPartOf":{"@id":"https:\/\/kyushomallorca.com\/#website"},"primaryImageOfPage":{"@id":"https:\/\/kyushomallorca.com\/index.php\/historia-y-contenido-jiu-jitsu\/#primaryimage"},"image":{"@id":"https:\/\/kyushomallorca.com\/index.php\/historia-y-contenido-jiu-jitsu\/#primaryimage"},"thumbnailUrl":"https:\/\/kyushomallorca.com\/wp-content\/uploads\/2021\/12\/Jiu_Jitsu.jpg","datePublished":"2021-12-28T13:10:45+00:00","dateModified":"2021-12-28T17:16:58+00:00","breadcrumb":{"@id":"https:\/\/kyushomallorca.com\/index.php\/historia-y-contenido-jiu-jitsu\/#breadcrumb"},"inLanguage":"es","potentialAction":[{"@type":"ReadAction","target":["https:\/\/kyushomallorca.com\/index.php\/historia-y-contenido-jiu-jitsu\/"]}]},{"@type":"ImageObject","inLanguage":"es","@id":"https:\/\/kyushomallorca.com\/index.php\/historia-y-contenido-jiu-jitsu\/#primaryimage","url":"https:\/\/kyushomallorca.com\/wp-content\/uploads\/2021\/12\/Jiu_Jitsu.jpg","contentUrl":"https:\/\/kyushomallorca.com\/wp-content\/uploads\/2021\/12\/Jiu_Jitsu.jpg","width":196,"height":200},{"@type":"BreadcrumbList","@id":"https:\/\/kyushomallorca.com\/index.php\/historia-y-contenido-jiu-jitsu\/#breadcrumb","itemListElement":[{"@type":"ListItem","position":1,"name":"Inicio","item":"https:\/\/kyushomallorca.com\/"},{"@type":"ListItem","position":2,"name":"Historia y contenido Jiu Jitsu"}]},{"@type":"WebSite","@id":"https:\/\/kyushomallorca.com\/#website","url":"https:\/\/kyushomallorca.com\/","name":"DOJO KOBUKAN","description":"","publisher":{"@id":"https:\/\/kyushomallorca.com\/#organization"},"potentialAction":[{"@type":"SearchAction","target":{"@type":"EntryPoint","urlTemplate":"https:\/\/kyushomallorca.com\/?s={search_term_string}"},"query-input":{"@type":"PropertyValueSpecification","valueRequired":true,"valueName":"search_term_string"}}],"inLanguage":"es"},{"@type":"Organization","@id":"https:\/\/kyushomallorca.com\/#organization","name":"DOJO KOBUKAN","url":"https:\/\/kyushomallorca.com\/","logo":{"@type":"ImageObject","inLanguage":"es","@id":"https:\/\/kyushomallorca.com\/#\/schema\/logo\/image\/","url":"https:\/\/kyushomallorca.com\/wp-content\/uploads\/2020\/03\/LogoFILEminimizer.png","contentUrl":"https:\/\/kyushomallorca.com\/wp-content\/uploads\/2020\/03\/LogoFILEminimizer.png","width":728,"height":726,"caption":"DOJO KOBUKAN"},"image":{"@id":"https:\/\/kyushomallorca.com\/#\/schema\/logo\/image\/"},"sameAs":["https:\/\/www.facebook.com\/pedro.ferrari.5817","https:\/\/www.facebook.com\/profile.php?id=100083993152571"]}]}},"_links":{"self":[{"href":"https:\/\/kyushomallorca.com\/index.php\/wp-json\/wp\/v2\/pages\/1575","targetHints":{"allow":["GET"]}}],"collection":[{"href":"https:\/\/kyushomallorca.com\/index.php\/wp-json\/wp\/v2\/pages"}],"about":[{"href":"https:\/\/kyushomallorca.com\/index.php\/wp-json\/wp\/v2\/types\/page"}],"author":[{"embeddable":true,"href":"https:\/\/kyushomallorca.com\/index.php\/wp-json\/wp\/v2\/users\/1"}],"replies":[{"embeddable":true,"href":"https:\/\/kyushomallorca.com\/index.php\/wp-json\/wp\/v2\/comments?post=1575"}],"version-history":[{"count":7,"href":"https:\/\/kyushomallorca.com\/index.php\/wp-json\/wp\/v2\/pages\/1575\/revisions"}],"predecessor-version":[{"id":1583,"href":"https:\/\/kyushomallorca.com\/index.php\/wp-json\/wp\/v2\/pages\/1575\/revisions\/1583"}],"wp:attachment":[{"href":"https:\/\/kyushomallorca.com\/index.php\/wp-json\/wp\/v2\/media?parent=1575"}],"curies":[{"name":"wp","href":"https:\/\/api.w.org\/{rel}","templated":true}]}}