{"id":1838,"date":"2022-09-30T08:08:26","date_gmt":"2022-09-30T06:08:26","guid":{"rendered":"https:\/\/kyushomallorca.com\/?page_id=1838"},"modified":"2025-06-07T21:14:17","modified_gmt":"2025-06-07T19:14:17","slug":"karate","status":"publish","type":"page","link":"https:\/\/kyushomallorca.com\/index.php\/karate\/","title":{"rendered":"KARATE"},"content":{"rendered":"\t\t<div data-elementor-type=\"wp-page\" data-elementor-id=\"1838\" class=\"elementor elementor-1838\">\n\t\t\t\t\t\t<section class=\"elementor-section elementor-top-section elementor-element elementor-element-84a4537 elementor-section-boxed elementor-section-height-default elementor-section-height-default\" data-id=\"84a4537\" data-element_type=\"section\">\n\t\t\t\t\t\t<div class=\"elementor-container elementor-column-gap-default\">\n\t\t\t\t\t<div class=\"elementor-column elementor-col-100 elementor-top-column elementor-element elementor-element-610280f\" data-id=\"610280f\" data-element_type=\"column\">\n\t\t\t<div class=\"elementor-widget-wrap elementor-element-populated\">\n\t\t\t\t\t\t<div class=\"elementor-element elementor-element-89eebe3 elementor-widget elementor-widget-heading\" data-id=\"89eebe3\" data-element_type=\"widget\" data-widget_type=\"heading.default\">\n\t\t\t\t<div class=\"elementor-widget-container\">\n\t\t\t\t\t<h2 class=\"elementor-heading-title elementor-size-default\">Karate<\/h2>\t\t\t\t<\/div>\n\t\t\t\t<\/div>\n\t\t\t\t<div class=\"elementor-element elementor-element-57a2bf8 elementor-widget elementor-widget-text-editor\" data-id=\"57a2bf8\" data-element_type=\"widget\" data-widget_type=\"text-editor.default\">\n\t\t\t\t<div class=\"elementor-widget-container\">\n\t\t\t\t\t\t\t\t\t<p><span style=\"color: #000000;\">El karate es un\u00a0<strong>arte marcial japon\u00e9s<\/strong>\u00a0que se considera, sobre todo, un\u00a0<a style=\"color: #000000;\" href=\"https:\/\/definicion.de\/arte\/\"><strong>arte<\/strong><\/a>\u00a0defensivo. Tambi\u00e9n llamado\u00a0<strong>karate-do<\/strong>\u00a0(<strong>\u201cel camino de la mano vac\u00eda\u201d<\/strong>), se basa en\u00a0<strong>golpes secos<\/strong>\u00a0que se realizan con los pies, los codos y el borde de la mano.<\/span><span style=\"color: var( --e-global-color-text ); font-family: var( --e-global-typography-text-font-family ), Sans-serif; font-weight: var( --e-global-typography-text-font-weight );\">\u00a0<\/span><\/p><p><span style=\"color: #000000;\">A aquel que practica karate se lo llama\u00a0<strong>karateca<\/strong>. Los or\u00edgenes de la\u00a0<a style=\"color: #000000;\" href=\"https:\/\/definicion.de\/disciplina\"><strong>disciplina<\/strong><\/a>\u00a0se remontan al\u00a0<strong>siglo XVI<\/strong>, cuando surgi\u00f3 a partir de una combinaci\u00f3n de diversas t\u00e9cnicas en las\u00a0<strong>islas Ry\u016bky\u016b<\/strong>.<\/span><\/p><p><span style=\"color: #000000;\">Adem\u00e1s, hay que saber que dentro del karate hay cinco estilos diferentes: el shotokan, el shito ryu, el goju ryu, el wado ryu y el kyokushinkai.<\/span><\/p><div class=\"sticky-main\"><div class=\"sticky-left-box\"><p><span style=\"color: #000000;\">Entre las frases que se utilizan dentro del karate destacan algunas tales como \u201carigato gozaimas\u201d, que significa \u201cgracias\u201d y que se dice al final del \u2018combate\u2019 con el compa\u00f1ero.<\/span><\/p><p><span style=\"color: #000000;\">De acuerdo a los conocimientos que va adquiriendo y a su experiencia, el karateca alcanza diversos grados (<strong>kyus<\/strong>) \u2013reflejados en el color de su cintur\u00f3n\u2013 que certifican su nivel en el karate. Los principiantes comienzan con un\u00a0<strong>cintur\u00f3n blanco<\/strong>\u00a0y luego pasan al\u00a0<strong>cintur\u00f3n amarillo<\/strong>,\u00a0<strong>cintur\u00f3n naranja<\/strong>,\u00a0<strong>cintur\u00f3n verde<\/strong>,\u00a0<strong>cintur\u00f3n azul<\/strong>,\u00a0<strong>cintur\u00f3n marr\u00f3n<\/strong>\u00a0y, finalmente,\u00a0<strong>cintur\u00f3n negro.<\/strong><\/span><\/p><\/div><\/div>\t\t\t\t\t\t\t\t<\/div>\n\t\t\t\t<\/div>\n\t\t\t\t<div class=\"elementor-element elementor-element-4bc3a79 elementor-widget elementor-widget-heading\" data-id=\"4bc3a79\" data-element_type=\"widget\" data-widget_type=\"heading.default\">\n\t\t\t\t<div class=\"elementor-widget-container\">\n\t\t\t\t\t<h2 class=\"elementor-heading-title elementor-size-default\">Estilo Shotokan<\/h2>\t\t\t\t<\/div>\n\t\t\t\t<\/div>\n\t\t\t\t<div class=\"elementor-element elementor-element-ce09c7d elementor-widget elementor-widget-text-editor\" data-id=\"ce09c7d\" data-element_type=\"widget\" data-widget_type=\"text-editor.default\">\n\t\t\t\t<div class=\"elementor-widget-container\">\n\t\t\t\t\t\t\t\t\t<p style=\"margin: 6pt 0cm; background-image: initial; background-position: initial; background-size: initial; background-repeat: initial; background-attachment: initial; background-origin: initial; background-clip: initial;\"><span style=\"font-size: 14.0pt; font-family: 'Arial',sans-serif; color: black; mso-themecolor: text1;\">Shotokan\u00a0(<\/span><span style=\"font-size: 14.0pt; font-family: 'MS Gothic'; mso-bidi-font-family: 'MS Gothic'; color: black; mso-themecolor: text1;\">\u677e\u6fe4\u9928<\/span><span style=\"font-size: 14.0pt; font-family: 'Arial',sans-serif; color: black; mso-themecolor: text1;\">\u00a0<\/span><span style=\"font-size: 14.0pt; color: black; mso-themecolor: text1;\">Sh\u014dt\u014dkan<a title=\"Ayuda:Idioma japon\u00e9s\" href=\"https:\/\/es.wikipedia.org\/wiki\/Ayuda:Idioma_japon%C3%A9s\"><span style=\"color: black;\">?<\/span><\/a><\/span><span style=\"font-size: 14.0pt; font-family: 'Arial',sans-serif; color: black; mso-themecolor: text1;\">, lit. \u00abEscuela de Sh\u014dt\u014d\u00bb)\u00a0es el primer estilo de\u00a0<a title=\"Karate\" href=\"https:\/\/es.wikipedia.org\/wiki\/Karate\"><span style=\"font-family: 'Times New Roman', serif; color: black;\">karate<\/span><\/a>-Do japon\u00e9s. Fue elaborado en su filosof\u00eda a partir del\u00a0<a title=\"Confucionismo\" href=\"https:\/\/es.wikipedia.org\/wiki\/Confucionismo\"><span style=\"font-family: 'Times New Roman', serif; color: black;\">confucionismo<\/span><\/a>\u00a0y del c\u00f3digo\u00a0<a title=\"Bushido\" href=\"https:\/\/es.wikipedia.org\/wiki\/Bushido\"><span style=\"font-family: 'Times New Roman', serif; color: black;\">bushido<\/span><\/a>\u00a0o normas de los guerreros\u00a0<a title=\"Samur\u00e1i\" href=\"https:\/\/es.wikipedia.org\/wiki\/Samur%C3%A1i\"><span style=\"font-family: 'Times New Roman', serif; color: black;\">samur\u00e1i<\/span><\/a>, por el maestro\u00a0<a title=\"Gichin Funakoshi\" href=\"https:\/\/es.wikipedia.org\/wiki\/Gichin_Funakoshi\"><span style=\"font-family: 'Times New Roman', serif; color: black;\">Gichin Funakoshi<\/span><\/a>\u00a0y desarrollado en su t\u00e9cnica y t\u00e1ctica por su hijo Yoshitaka (Gig\u014d) Funakoshi. A partir de los estilos cl\u00e1sicos de lucha provenientes de la isla de\u00a0<a title=\"Okinawa\" href=\"https:\/\/es.wikipedia.org\/wiki\/Okinawa\"><span style=\"font-family: 'Times New Roman', serif; color: black;\">Okinawa<\/span><\/a>, como el\u00a0<a title=\"Shuri-Te\" href=\"https:\/\/es.wikipedia.org\/wiki\/Shuri-Te\"><span style=\"font-family: 'Times New Roman', serif; color: black;\">Shuri-Te<\/span><\/a>\u00a0(actualmente\u00a0<a title=\"Shorin Ryu\" href=\"https:\/\/es.wikipedia.org\/wiki\/Shorin_Ryu\"><span style=\"font-family: 'Times New Roman', serif; color: black;\">Shorin Ryu<\/span><\/a>) y el Shorei Ryu o\u00a0<a title=\"Naha-Te\" href=\"https:\/\/es.wikipedia.org\/wiki\/Naha-Te\"><span style=\"font-family: 'Times New Roman', serif; color: black;\">Naha-Te<\/span><\/a>\u00a0(hoy d\u00eda\u00a0<a title=\"Goju ryu\" href=\"https:\/\/es.wikipedia.org\/wiki\/Goju_ryu\"><span style=\"font-family: 'Times New Roman', serif; color: black;\">Goju ryu<\/span><\/a>\u00a0). A mediados del siglo XX el estilo fue asimismo influenciado en su metodolog\u00eda, uniforme, grados, rituales y en varias de sus t\u00e9cnicas por artes marciales japonesas m\u00e1s tradicionales como el\u00a0<a title=\"Kendo\" href=\"https:\/\/es.wikipedia.org\/wiki\/Kendo\"><span style=\"font-family: 'Times New Roman', serif; color: black;\">Kendo<\/span><\/a>\u00a0(esgrima con sable), y el\u00a0<a title=\"Judo\" href=\"https:\/\/es.wikipedia.org\/wiki\/Judo\"><span style=\"font-family: 'Times New Roman', serif; color: black;\">Judo<\/span><\/a>\u00a0(lucha cuerpo a cuerpo) disciplinas practicadas por varios de sus primeros promotores a nivel mundial como el maestro\u00a0<a title=\"Masatoshi Nakayama\" href=\"https:\/\/es.wikipedia.org\/wiki\/Masatoshi_Nakayama\"><span style=\"font-family: 'Times New Roman', serif; color: black;\">Masatoshi Nakayama<\/span><\/a>, y otros.<\/span><\/p><p style=\"margin: 6pt 0cm; background-image: initial; background-position: initial; background-size: initial; background-repeat: initial; background-attachment: initial; background-origin: initial; background-clip: initial;\"><span style=\"font-size: 14.0pt; font-family: 'Arial',sans-serif; color: black; mso-themecolor: text1;\">Se considera al Shotokan como el primer estilo de k\u00e1rate japon\u00e9s, o Karate &#8211; Do. Adem\u00e1s de ser considerado como una de las primeras escuelas de karate m\u00e1s reconocidas a nivel internacional; el Shotokan permanece hoy d\u00eda como el estilo de Karate-D\u014d m\u00e1s practicado del mundo, y el tercero en Jap\u00f3n, recibe su nombre del seud\u00f3nimo po\u00e9tico de su fundador el maestro\u00a0<a title=\"Gichin Funakoshi\" href=\"https:\/\/es.wikipedia.org\/wiki\/Gichin_Funakoshi\"><span style=\"font-family: 'Times New Roman', serif; color: black;\">Gichin Funakoshi<\/span><\/a>\u00a0y del primer\u00a0<a title=\"D\u014dj\u014d\" href=\"https:\/\/es.wikipedia.org\/wiki\/D%C5%8Dj%C5%8D\"><span style=\"font-family: 'Times New Roman', serif; color: black;\">d\u014dj\u014d<\/span><\/a>\u00a0inaugurado por el maestro Funakoshi en 1936. Aunque no fue reconocido oficialmente por el gobierno japon\u00e9s hasta 1939.<\/span><\/p><p style=\"margin: 6pt 0cm; background-image: initial; background-position: initial; background-size: initial; background-repeat: initial; background-attachment: initial; background-origin: initial; background-clip: initial;\"><span style=\"font-size: 14.0pt; font-family: 'Arial',sans-serif; color: black; mso-themecolor: text1;\">En t\u00e9rminos generales, el karate-Do estilo Shotokan se caracteriza por: golpes rectil\u00edneos penetrantes, y bloqueos\/chequeos angulares, en mantener posiciones bajas durante gran parte de su ejecuci\u00f3n, y por movimientos preparatorios largos (mas no lentos) en sus acciones, destinados a potenciar los ataques y las defensas.<a href=\"https:\/\/es.wikipedia.org\/wiki\/Shotokan#cite_note-1\"><span style=\"font-family: 'Times New Roman', serif; color: black;\">1<\/span><\/a> Asimismo, se enfatizan los movimientos de cadera y la larga distancia, incluyendo las patadas altas; a diferencia de los estilos cl\u00e1sicos del karate de\u00a0<a title=\"Okinawa\" href=\"https:\/\/es.wikipedia.org\/wiki\/Okinawa\"><span style=\"font-family: 'Times New Roman', serif; color: black;\">Okinawa<\/span><\/a>, como el\u00a0<a title=\"Shorin Ryu\" href=\"https:\/\/es.wikipedia.org\/wiki\/Shorin_Ryu\"><span style=\"font-family: 'Times New Roman', serif; color: black;\">Shorin Ryu<\/span><\/a>, el\u00a0<a title=\"Goju Ryu\" href=\"https:\/\/es.wikipedia.org\/wiki\/Goju_Ryu\"><span style=\"font-family: 'Times New Roman', serif; color: black;\">Goju Ryu<\/span><\/a>, y el\u00a0<a title=\"Uechi Ryu\" href=\"https:\/\/es.wikipedia.org\/wiki\/Uechi_Ryu\"><span style=\"font-family: 'Times New Roman', serif; color: black;\">Uechi Ryu<\/span><\/a>. En los que las posiciones son m\u00e1s altas y cerradas, o bien alternan entre posiciones altas y bajas; donde hay una mayor variedad de patadas bajas, golpes de mano abierta, y en los que el combate se realiza a distancia media o corta.<\/span><\/p><p style=\"margin: 6pt 0cm; background-image: initial; background-position: initial; background-size: initial; background-repeat: initial; background-attachment: initial; background-origin: initial; background-clip: initial;\"><span style=\"font-size: 14.0pt; font-family: 'Arial',sans-serif; color: black; mso-themecolor: text1;\">\u00a0<\/span><\/p><p class=\"MsoNormal\">\u00a0<\/p><p class=\"MsoNormal\">\u00a0<\/p>\t\t\t\t\t\t\t\t<\/div>\n\t\t\t\t<\/div>\n\t\t\t\t<div class=\"elementor-element elementor-element-8d449d5 elementor-widget elementor-widget-heading\" data-id=\"8d449d5\" data-element_type=\"widget\" data-widget_type=\"heading.default\">\n\t\t\t\t<div class=\"elementor-widget-container\">\n\t\t\t\t\t<h2 class=\"elementor-heading-title elementor-size-default\">Pertenecemos: <\/h2>\t\t\t\t<\/div>\n\t\t\t\t<\/div>\n\t\t\t\t<div class=\"elementor-element elementor-element-b22c8bf elementor-widget elementor-widget-text-editor\" data-id=\"b22c8bf\" data-element_type=\"widget\" data-widget_type=\"text-editor.default\">\n\t\t\t\t<div class=\"elementor-widget-container\">\n\t\t\t\t\t\t\t\t\t<p><a href=\"https:\/\/www.karatefkib.com\/clubs\">https:\/\/www.karatefkib.com\/clubs<\/a><\/p>\t\t\t\t\t\t\t\t<\/div>\n\t\t\t\t<\/div>\n\t\t\t\t\t<\/div>\n\t\t<\/div>\n\t\t\t\t\t<\/div>\n\t\t<\/section>\n\t\t\t\t<\/div>\n\t\t","protected":false},"excerpt":{"rendered":"<p>Karate El karate es un\u00a0arte marcial japon\u00e9s\u00a0que se considera, sobre todo, un\u00a0arte\u00a0defensivo. Tambi\u00e9n llamado\u00a0karate-do\u00a0(\u201cel camino de la mano vac\u00eda\u201d), se basa en\u00a0golpes secos\u00a0que se realizan con los pies, los codos y el borde de la mano.\u00a0 A aquel que practica karate se lo llama\u00a0karateca. Los or\u00edgenes de la\u00a0disciplina\u00a0se remontan al\u00a0siglo XVI, cuando surgi\u00f3 a partir&hellip;&nbsp;<a href=\"https:\/\/kyushomallorca.com\/index.php\/karate\/\" class=\"\" rel=\"bookmark\">Leer m\u00e1s &raquo;<span class=\"screen-reader-text\">KARATE<\/span><\/a><\/p>\n","protected":false},"author":1,"featured_media":0,"parent":0,"menu_order":0,"comment_status":"closed","ping_status":"closed","template":"page-templates\/template-pagebuilder-full-width.php","meta":{"_monsterinsights_skip_tracking":false,"_monsterinsights_sitenote_active":false,"_monsterinsights_sitenote_note":"","_monsterinsights_sitenote_category":0,"footnotes":""},"class_list":["post-1838","page","type-page","status-publish","hentry"],"yoast_head":"<!-- This site is optimized with the Yoast SEO plugin v27.5 - https:\/\/yoast.com\/product\/yoast-seo-wordpress\/ -->\n<title>KARATE | DOJO KOBUKAN<\/title>\n<meta name=\"robots\" content=\"index, follow, max-snippet:-1, max-image-preview:large, max-video-preview:-1\" \/>\n<link rel=\"canonical\" href=\"https:\/\/kyushomallorca.com\/index.php\/karate\/\" \/>\n<meta property=\"og:locale\" content=\"es_ES\" \/>\n<meta property=\"og:type\" content=\"article\" \/>\n<meta property=\"og:title\" content=\"KARATE | DOJO KOBUKAN\" \/>\n<meta property=\"og:description\" content=\"Karate El karate es un\u00a0arte marcial japon\u00e9s\u00a0que se considera, sobre todo, un\u00a0arte\u00a0defensivo. Tambi\u00e9n llamado\u00a0karate-do\u00a0(\u201cel camino de la mano vac\u00eda\u201d), se basa en\u00a0golpes secos\u00a0que se realizan con los pies, los codos y el borde de la mano.\u00a0 A aquel que practica karate se lo llama\u00a0karateca. Los or\u00edgenes de la\u00a0disciplina\u00a0se remontan al\u00a0siglo XVI, cuando surgi\u00f3 a partir&hellip;&nbsp;Leer m\u00e1s &raquo;KARATE\" \/>\n<meta property=\"og:url\" content=\"https:\/\/kyushomallorca.com\/index.php\/karate\/\" \/>\n<meta property=\"og:site_name\" content=\"DOJO KOBUKAN\" \/>\n<meta property=\"article:publisher\" content=\"https:\/\/www.facebook.com\/pedro.ferrari.5817\" \/>\n<meta property=\"article:modified_time\" content=\"2025-06-07T19:14:17+00:00\" \/>\n<meta name=\"twitter:card\" content=\"summary_large_image\" \/>\n<script type=\"application\/ld+json\" class=\"yoast-schema-graph\">{\"@context\":\"https:\\\/\\\/schema.org\",\"@graph\":[{\"@type\":\"WebPage\",\"@id\":\"https:\\\/\\\/kyushomallorca.com\\\/index.php\\\/karate\\\/\",\"url\":\"https:\\\/\\\/kyushomallorca.com\\\/index.php\\\/karate\\\/\",\"name\":\"KARATE | DOJO KOBUKAN\",\"isPartOf\":{\"@id\":\"https:\\\/\\\/kyushomallorca.com\\\/#website\"},\"datePublished\":\"2022-09-30T06:08:26+00:00\",\"dateModified\":\"2025-06-07T19:14:17+00:00\",\"breadcrumb\":{\"@id\":\"https:\\\/\\\/kyushomallorca.com\\\/index.php\\\/karate\\\/#breadcrumb\"},\"inLanguage\":\"es\",\"potentialAction\":[{\"@type\":\"ReadAction\",\"target\":[\"https:\\\/\\\/kyushomallorca.com\\\/index.php\\\/karate\\\/\"]}]},{\"@type\":\"BreadcrumbList\",\"@id\":\"https:\\\/\\\/kyushomallorca.com\\\/index.php\\\/karate\\\/#breadcrumb\",\"itemListElement\":[{\"@type\":\"ListItem\",\"position\":1,\"name\":\"Inicio\",\"item\":\"https:\\\/\\\/kyushomallorca.com\\\/\"},{\"@type\":\"ListItem\",\"position\":2,\"name\":\"KARATE\"}]},{\"@type\":\"WebSite\",\"@id\":\"https:\\\/\\\/kyushomallorca.com\\\/#website\",\"url\":\"https:\\\/\\\/kyushomallorca.com\\\/\",\"name\":\"DOJO KOBUKAN\",\"description\":\"\",\"publisher\":{\"@id\":\"https:\\\/\\\/kyushomallorca.com\\\/#organization\"},\"potentialAction\":[{\"@type\":\"SearchAction\",\"target\":{\"@type\":\"EntryPoint\",\"urlTemplate\":\"https:\\\/\\\/kyushomallorca.com\\\/?s={search_term_string}\"},\"query-input\":{\"@type\":\"PropertyValueSpecification\",\"valueRequired\":true,\"valueName\":\"search_term_string\"}}],\"inLanguage\":\"es\"},{\"@type\":\"Organization\",\"@id\":\"https:\\\/\\\/kyushomallorca.com\\\/#organization\",\"name\":\"DOJO KOBUKAN\",\"url\":\"https:\\\/\\\/kyushomallorca.com\\\/\",\"logo\":{\"@type\":\"ImageObject\",\"inLanguage\":\"es\",\"@id\":\"https:\\\/\\\/kyushomallorca.com\\\/#\\\/schema\\\/logo\\\/image\\\/\",\"url\":\"https:\\\/\\\/kyushomallorca.com\\\/wp-content\\\/uploads\\\/2020\\\/03\\\/LogoFILEminimizer.png\",\"contentUrl\":\"https:\\\/\\\/kyushomallorca.com\\\/wp-content\\\/uploads\\\/2020\\\/03\\\/LogoFILEminimizer.png\",\"width\":728,\"height\":726,\"caption\":\"DOJO KOBUKAN\"},\"image\":{\"@id\":\"https:\\\/\\\/kyushomallorca.com\\\/#\\\/schema\\\/logo\\\/image\\\/\"},\"sameAs\":[\"https:\\\/\\\/www.facebook.com\\\/pedro.ferrari.5817\",\"https:\\\/\\\/www.facebook.com\\\/profile.php?id=100083993152571\"]}]}<\/script>\n<!-- \/ Yoast SEO plugin. -->","yoast_head_json":{"title":"KARATE | DOJO KOBUKAN","robots":{"index":"index","follow":"follow","max-snippet":"max-snippet:-1","max-image-preview":"max-image-preview:large","max-video-preview":"max-video-preview:-1"},"canonical":"https:\/\/kyushomallorca.com\/index.php\/karate\/","og_locale":"es_ES","og_type":"article","og_title":"KARATE | DOJO KOBUKAN","og_description":"Karate El karate es un\u00a0arte marcial japon\u00e9s\u00a0que se considera, sobre todo, un\u00a0arte\u00a0defensivo. Tambi\u00e9n llamado\u00a0karate-do\u00a0(\u201cel camino de la mano vac\u00eda\u201d), se basa en\u00a0golpes secos\u00a0que se realizan con los pies, los codos y el borde de la mano.\u00a0 A aquel que practica karate se lo llama\u00a0karateca. Los or\u00edgenes de la\u00a0disciplina\u00a0se remontan al\u00a0siglo XVI, cuando surgi\u00f3 a partir&hellip;&nbsp;Leer m\u00e1s &raquo;KARATE","og_url":"https:\/\/kyushomallorca.com\/index.php\/karate\/","og_site_name":"DOJO KOBUKAN","article_publisher":"https:\/\/www.facebook.com\/pedro.ferrari.5817","article_modified_time":"2025-06-07T19:14:17+00:00","twitter_card":"summary_large_image","schema":{"@context":"https:\/\/schema.org","@graph":[{"@type":"WebPage","@id":"https:\/\/kyushomallorca.com\/index.php\/karate\/","url":"https:\/\/kyushomallorca.com\/index.php\/karate\/","name":"KARATE | DOJO KOBUKAN","isPartOf":{"@id":"https:\/\/kyushomallorca.com\/#website"},"datePublished":"2022-09-30T06:08:26+00:00","dateModified":"2025-06-07T19:14:17+00:00","breadcrumb":{"@id":"https:\/\/kyushomallorca.com\/index.php\/karate\/#breadcrumb"},"inLanguage":"es","potentialAction":[{"@type":"ReadAction","target":["https:\/\/kyushomallorca.com\/index.php\/karate\/"]}]},{"@type":"BreadcrumbList","@id":"https:\/\/kyushomallorca.com\/index.php\/karate\/#breadcrumb","itemListElement":[{"@type":"ListItem","position":1,"name":"Inicio","item":"https:\/\/kyushomallorca.com\/"},{"@type":"ListItem","position":2,"name":"KARATE"}]},{"@type":"WebSite","@id":"https:\/\/kyushomallorca.com\/#website","url":"https:\/\/kyushomallorca.com\/","name":"DOJO KOBUKAN","description":"","publisher":{"@id":"https:\/\/kyushomallorca.com\/#organization"},"potentialAction":[{"@type":"SearchAction","target":{"@type":"EntryPoint","urlTemplate":"https:\/\/kyushomallorca.com\/?s={search_term_string}"},"query-input":{"@type":"PropertyValueSpecification","valueRequired":true,"valueName":"search_term_string"}}],"inLanguage":"es"},{"@type":"Organization","@id":"https:\/\/kyushomallorca.com\/#organization","name":"DOJO KOBUKAN","url":"https:\/\/kyushomallorca.com\/","logo":{"@type":"ImageObject","inLanguage":"es","@id":"https:\/\/kyushomallorca.com\/#\/schema\/logo\/image\/","url":"https:\/\/kyushomallorca.com\/wp-content\/uploads\/2020\/03\/LogoFILEminimizer.png","contentUrl":"https:\/\/kyushomallorca.com\/wp-content\/uploads\/2020\/03\/LogoFILEminimizer.png","width":728,"height":726,"caption":"DOJO KOBUKAN"},"image":{"@id":"https:\/\/kyushomallorca.com\/#\/schema\/logo\/image\/"},"sameAs":["https:\/\/www.facebook.com\/pedro.ferrari.5817","https:\/\/www.facebook.com\/profile.php?id=100083993152571"]}]}},"_links":{"self":[{"href":"https:\/\/kyushomallorca.com\/index.php\/wp-json\/wp\/v2\/pages\/1838","targetHints":{"allow":["GET"]}}],"collection":[{"href":"https:\/\/kyushomallorca.com\/index.php\/wp-json\/wp\/v2\/pages"}],"about":[{"href":"https:\/\/kyushomallorca.com\/index.php\/wp-json\/wp\/v2\/types\/page"}],"author":[{"embeddable":true,"href":"https:\/\/kyushomallorca.com\/index.php\/wp-json\/wp\/v2\/users\/1"}],"replies":[{"embeddable":true,"href":"https:\/\/kyushomallorca.com\/index.php\/wp-json\/wp\/v2\/comments?post=1838"}],"version-history":[{"count":23,"href":"https:\/\/kyushomallorca.com\/index.php\/wp-json\/wp\/v2\/pages\/1838\/revisions"}],"predecessor-version":[{"id":2238,"href":"https:\/\/kyushomallorca.com\/index.php\/wp-json\/wp\/v2\/pages\/1838\/revisions\/2238"}],"wp:attachment":[{"href":"https:\/\/kyushomallorca.com\/index.php\/wp-json\/wp\/v2\/media?parent=1838"}],"curies":[{"name":"wp","href":"https:\/\/api.w.org\/{rel}","templated":true}]}}