{"id":735,"date":"2019-10-01T20:53:11","date_gmt":"2019-10-01T18:53:11","guid":{"rendered":"https:\/\/kyushomallorca.com\/?page_id=735"},"modified":"2025-10-06T08:33:05","modified_gmt":"2025-10-06T06:33:05","slug":"dp-infantil","status":"publish","type":"page","link":"https:\/\/kyushomallorca.com\/index.php\/dp-infantil\/","title":{"rendered":"DP Infantil"},"content":{"rendered":"\t\t<div data-elementor-type=\"wp-page\" data-elementor-id=\"735\" class=\"elementor elementor-735\">\n\t\t\t\t\t\t<section class=\"elementor-section elementor-top-section elementor-element elementor-element-d10760f elementor-section-boxed elementor-section-height-default elementor-section-height-default\" data-id=\"d10760f\" data-element_type=\"section\" data-settings=\"{&quot;background_background&quot;:&quot;classic&quot;}\">\n\t\t\t\t\t\t\t<div class=\"elementor-background-overlay\"><\/div>\n\t\t\t\t\t\t\t<div class=\"elementor-container elementor-column-gap-default\">\n\t\t\t\t\t<div class=\"elementor-column elementor-col-100 elementor-top-column elementor-element elementor-element-5166744\" data-id=\"5166744\" data-element_type=\"column\">\n\t\t\t<div class=\"elementor-widget-wrap elementor-element-populated\">\n\t\t\t\t\t\t<div class=\"elementor-element elementor-element-52934da elementor-widget elementor-widget-text-editor\" data-id=\"52934da\" data-element_type=\"widget\" data-widget_type=\"text-editor.default\">\n\t\t\t\t<div class=\"elementor-widget-container\">\n\t\t\t\t\t\t\t\t\t<p><span style=\"color: #ff0000;\"><strong>DEFENSA PERSONAL INFANTIL<\/strong><\/span><\/p>\n<p><span style=\"color: #ffffff;\">Se recomienda la iniciaci\u00f3n en este deporte a partir de los 5 a\u00f1os. Si bien es cierto que, si se detecta alg\u00fan tipo de problema de posible maltrato puede considerarse empezar con anterioridad.<\/span><\/p>\n<p><span style=\"color: #ffffff;\">Es un deporte de contacto, s\u00ed, pero tambi\u00e9n es un ejercicio muy educativo para el desarrollo f\u00edsico y ps\u00edquico de los ni\u00f1os con un trasfondo de buen comportamiento y respeto a los dem\u00e1s, as\u00ed como el respeto que se le debe a uno mismo.<\/span><\/p>\n<p><span style=\"color: #ffffff;\">Para los ni\u00f1os se realiza de una forma divertida y para los padres uno de los deportes m\u00e1s saludables a los que llevar a sus hijos puesto que las situaciones de peligro se realizan mediante juegos.<\/span><\/p>\n<p><span style=\"color: #ffffff;\">Inicialmente, los ni\u00f1os deben practicar defensa personal como un juego potenciando tambi\u00e9n desarrollo f\u00edsico y sus destrezas dentro del tatami.<\/span><\/p>\n<p><span style=\"color: #ffffff;\">La vestimenta se compone de un kimono llamado judogi, que suele ser blanco, y el cintur\u00f3n de uno u otro color en funci\u00f3n del nivel en el que se encuentre el ni\u00f1o.<\/span><\/p>\n<p><span style=\"color: #ffffff;\">Dentro de la defensa personal realizaremos ejercicios con los que ense\u00f1ar a los peque\u00f1os a dominar su cuerpo, conocer sus capacidades y posibilidades para desplazarse, saltar, correr, arrastrarse por el suelo, etc. Con estos f\u00e1ciles ejercicios de psicomotricidad, los ni\u00f1os ir\u00e1n cogiendo confianza en s\u00ed mismos. A medida que avancen esos sencillos ejercicios de psicomotricidad empiezan a combinarse con las t\u00e9cnicas m\u00e1s sencillas de defensa personal. Aprenden a respetar a sus compa\u00f1eros y su profesor y cada vez tendr\u00e1n que esforzarse m\u00e1s para superarse a s\u00ed mismos e ir evolucionando y tendr\u00e1n la oportunidad de poner en pr\u00e1ctica lo que aprendieron sobre los valores de compa\u00f1erismo, exigencia o trabajo en equipo que aprendieron en fases anteriores.<\/span><\/p>\n<p><span style=\"color: #ffffff;\">Beneficios de la defensa personal para los ni\u00f1os:<\/span><\/p>\n<p><span style=\"color: #ffffff;\">* Desarrollo de las habilidades motoras b\u00e1sicas. Una de las reglas m\u00e1s importantes a la hora de hacer defensa personal es aprender a caer correctamente, evitar\u00e1 muchas lesiones durante las clases, pero tambi\u00e9n fuera de ellas.<\/span><\/p>\n<p><span style=\"color: #ffffff;\">* Favorece el desarrollo del aparato motriz.<\/span><\/p>\n<p><span style=\"color: #ffffff;\">* Desarrollo de la fuerza, coordinaci\u00f3n, velocidad, flexibilidad y equilibrio del ni\u00f1o.<\/span><\/p>\n<p><span style=\"color: #ffffff;\">* Aprender a conocerse a s\u00ed mismos y a dominar su cuerpo.<\/span><\/p>\n<p><span style=\"color: #ffffff;\">* Desarrollar su poder de autocontrol.<\/span><\/p>\n<p><span style=\"color: #ffffff;\">* Estimulaci\u00f3n del pensamiento t\u00e1ctico. La rapidez del deporte obliga a los ni\u00f1os a tener que tomar decisiones r\u00e1pidas y decisivas en las diferentes situaciones que le plantea su oponente o \u00e9l plantea a su contrincante.<\/span><\/p>\n<p><span style=\"color: #ffffff;\">* A pesar de ser un deporte de contacto, transmite y ense\u00f1a muchos valores a los ni\u00f1os: respeto, tolerancia, motivaci\u00f3n, autoestima, educaci\u00f3n, compa\u00f1erismo, solidaridad, trabajo en equipo.<\/span><\/p>\n<p><span style=\"color: #ffffff;\">* Prevenci\u00f3n en cuanto a situaciones de riesgo.<\/span><\/p>\t\t\t\t\t\t\t\t<\/div>\n\t\t\t\t<\/div>\n\t\t\t\t\t<\/div>\n\t\t<\/div>\n\t\t\t\t\t<\/div>\n\t\t<\/section>\n\t\t\t\t<\/div>\n\t\t","protected":false},"excerpt":{"rendered":"<p>DEFENSA PERSONAL INFANTIL Se recomienda la iniciaci\u00f3n en este deporte a partir de los 5 a\u00f1os. Si bien es cierto que, si se detecta alg\u00fan tipo de problema de posible maltrato puede considerarse empezar con anterioridad. Es un deporte de contacto, s\u00ed, pero tambi\u00e9n es un ejercicio muy educativo para el desarrollo f\u00edsico y ps\u00edquico&hellip;&nbsp;<a href=\"https:\/\/kyushomallorca.com\/index.php\/dp-infantil\/\" class=\"\" rel=\"bookmark\">Leer m\u00e1s &raquo;<span class=\"screen-reader-text\">DP Infantil<\/span><\/a><\/p>\n","protected":false},"author":1,"featured_media":0,"parent":0,"menu_order":0,"comment_status":"closed","ping_status":"closed","template":"page-templates\/template-pagebuilder-full-width.php","meta":{"_monsterinsights_skip_tracking":false,"_monsterinsights_sitenote_active":false,"_monsterinsights_sitenote_note":"","_monsterinsights_sitenote_category":0,"footnotes":""},"class_list":["post-735","page","type-page","status-publish","hentry"],"yoast_head":"<!-- This site is optimized with the Yoast SEO plugin v27.5 - https:\/\/yoast.com\/product\/yoast-seo-wordpress\/ -->\n<title>DP Infantil | DOJO KOBUKAN<\/title>\n<meta name=\"description\" content=\"Hoy en d\u00eda es importante dotar a nuestros hijos de recursos para evitar agresiones y prevenir el acoso o bullying.\" \/>\n<meta name=\"robots\" content=\"index, follow, max-snippet:-1, max-image-preview:large, max-video-preview:-1\" \/>\n<link rel=\"canonical\" href=\"https:\/\/kyushomallorca.com\/index.php\/dp-infantil\/\" \/>\n<meta property=\"og:locale\" content=\"es_ES\" \/>\n<meta property=\"og:type\" content=\"article\" \/>\n<meta property=\"og:title\" content=\"DP Infantil | DOJO KOBUKAN\" \/>\n<meta property=\"og:description\" content=\"Hoy en d\u00eda es importante dotar a nuestros hijos de recursos para evitar agresiones y prevenir el acoso o bullying.\" \/>\n<meta property=\"og:url\" content=\"https:\/\/kyushomallorca.com\/index.php\/dp-infantil\/\" \/>\n<meta property=\"og:site_name\" content=\"DOJO KOBUKAN\" \/>\n<meta property=\"article:publisher\" content=\"https:\/\/www.facebook.com\/pedro.ferrari.5817\" \/>\n<meta property=\"article:modified_time\" content=\"2025-10-06T06:33:05+00:00\" \/>\n<meta name=\"twitter:card\" content=\"summary_large_image\" \/>\n<script type=\"application\/ld+json\" class=\"yoast-schema-graph\">{\"@context\":\"https:\\\/\\\/schema.org\",\"@graph\":[{\"@type\":\"WebPage\",\"@id\":\"https:\\\/\\\/kyushomallorca.com\\\/index.php\\\/dp-infantil\\\/\",\"url\":\"https:\\\/\\\/kyushomallorca.com\\\/index.php\\\/dp-infantil\\\/\",\"name\":\"DP Infantil | DOJO KOBUKAN\",\"isPartOf\":{\"@id\":\"https:\\\/\\\/kyushomallorca.com\\\/#website\"},\"datePublished\":\"2019-10-01T18:53:11+00:00\",\"dateModified\":\"2025-10-06T06:33:05+00:00\",\"description\":\"Hoy en d\u00eda es importante dotar a nuestros hijos de recursos para evitar agresiones y prevenir el acoso o bullying.\",\"breadcrumb\":{\"@id\":\"https:\\\/\\\/kyushomallorca.com\\\/index.php\\\/dp-infantil\\\/#breadcrumb\"},\"inLanguage\":\"es\",\"potentialAction\":[{\"@type\":\"ReadAction\",\"target\":[\"https:\\\/\\\/kyushomallorca.com\\\/index.php\\\/dp-infantil\\\/\"]}]},{\"@type\":\"BreadcrumbList\",\"@id\":\"https:\\\/\\\/kyushomallorca.com\\\/index.php\\\/dp-infantil\\\/#breadcrumb\",\"itemListElement\":[{\"@type\":\"ListItem\",\"position\":1,\"name\":\"Inicio\",\"item\":\"https:\\\/\\\/kyushomallorca.com\\\/\"},{\"@type\":\"ListItem\",\"position\":2,\"name\":\"DP Infantil\"}]},{\"@type\":\"WebSite\",\"@id\":\"https:\\\/\\\/kyushomallorca.com\\\/#website\",\"url\":\"https:\\\/\\\/kyushomallorca.com\\\/\",\"name\":\"DOJO KOBUKAN\",\"description\":\"\",\"publisher\":{\"@id\":\"https:\\\/\\\/kyushomallorca.com\\\/#organization\"},\"potentialAction\":[{\"@type\":\"SearchAction\",\"target\":{\"@type\":\"EntryPoint\",\"urlTemplate\":\"https:\\\/\\\/kyushomallorca.com\\\/?s={search_term_string}\"},\"query-input\":{\"@type\":\"PropertyValueSpecification\",\"valueRequired\":true,\"valueName\":\"search_term_string\"}}],\"inLanguage\":\"es\"},{\"@type\":\"Organization\",\"@id\":\"https:\\\/\\\/kyushomallorca.com\\\/#organization\",\"name\":\"DOJO KOBUKAN\",\"url\":\"https:\\\/\\\/kyushomallorca.com\\\/\",\"logo\":{\"@type\":\"ImageObject\",\"inLanguage\":\"es\",\"@id\":\"https:\\\/\\\/kyushomallorca.com\\\/#\\\/schema\\\/logo\\\/image\\\/\",\"url\":\"https:\\\/\\\/kyushomallorca.com\\\/wp-content\\\/uploads\\\/2020\\\/03\\\/LogoFILEminimizer.png\",\"contentUrl\":\"https:\\\/\\\/kyushomallorca.com\\\/wp-content\\\/uploads\\\/2020\\\/03\\\/LogoFILEminimizer.png\",\"width\":728,\"height\":726,\"caption\":\"DOJO KOBUKAN\"},\"image\":{\"@id\":\"https:\\\/\\\/kyushomallorca.com\\\/#\\\/schema\\\/logo\\\/image\\\/\"},\"sameAs\":[\"https:\\\/\\\/www.facebook.com\\\/pedro.ferrari.5817\",\"https:\\\/\\\/www.facebook.com\\\/profile.php?id=100083993152571\"]}]}<\/script>\n<!-- \/ Yoast SEO plugin. -->","yoast_head_json":{"title":"DP Infantil | DOJO KOBUKAN","description":"Hoy en d\u00eda es importante dotar a nuestros hijos de recursos para evitar agresiones y prevenir el acoso o bullying.","robots":{"index":"index","follow":"follow","max-snippet":"max-snippet:-1","max-image-preview":"max-image-preview:large","max-video-preview":"max-video-preview:-1"},"canonical":"https:\/\/kyushomallorca.com\/index.php\/dp-infantil\/","og_locale":"es_ES","og_type":"article","og_title":"DP Infantil | DOJO KOBUKAN","og_description":"Hoy en d\u00eda es importante dotar a nuestros hijos de recursos para evitar agresiones y prevenir el acoso o bullying.","og_url":"https:\/\/kyushomallorca.com\/index.php\/dp-infantil\/","og_site_name":"DOJO KOBUKAN","article_publisher":"https:\/\/www.facebook.com\/pedro.ferrari.5817","article_modified_time":"2025-10-06T06:33:05+00:00","twitter_card":"summary_large_image","schema":{"@context":"https:\/\/schema.org","@graph":[{"@type":"WebPage","@id":"https:\/\/kyushomallorca.com\/index.php\/dp-infantil\/","url":"https:\/\/kyushomallorca.com\/index.php\/dp-infantil\/","name":"DP Infantil | DOJO KOBUKAN","isPartOf":{"@id":"https:\/\/kyushomallorca.com\/#website"},"datePublished":"2019-10-01T18:53:11+00:00","dateModified":"2025-10-06T06:33:05+00:00","description":"Hoy en d\u00eda es importante dotar a nuestros hijos de recursos para evitar agresiones y prevenir el acoso o bullying.","breadcrumb":{"@id":"https:\/\/kyushomallorca.com\/index.php\/dp-infantil\/#breadcrumb"},"inLanguage":"es","potentialAction":[{"@type":"ReadAction","target":["https:\/\/kyushomallorca.com\/index.php\/dp-infantil\/"]}]},{"@type":"BreadcrumbList","@id":"https:\/\/kyushomallorca.com\/index.php\/dp-infantil\/#breadcrumb","itemListElement":[{"@type":"ListItem","position":1,"name":"Inicio","item":"https:\/\/kyushomallorca.com\/"},{"@type":"ListItem","position":2,"name":"DP Infantil"}]},{"@type":"WebSite","@id":"https:\/\/kyushomallorca.com\/#website","url":"https:\/\/kyushomallorca.com\/","name":"DOJO KOBUKAN","description":"","publisher":{"@id":"https:\/\/kyushomallorca.com\/#organization"},"potentialAction":[{"@type":"SearchAction","target":{"@type":"EntryPoint","urlTemplate":"https:\/\/kyushomallorca.com\/?s={search_term_string}"},"query-input":{"@type":"PropertyValueSpecification","valueRequired":true,"valueName":"search_term_string"}}],"inLanguage":"es"},{"@type":"Organization","@id":"https:\/\/kyushomallorca.com\/#organization","name":"DOJO KOBUKAN","url":"https:\/\/kyushomallorca.com\/","logo":{"@type":"ImageObject","inLanguage":"es","@id":"https:\/\/kyushomallorca.com\/#\/schema\/logo\/image\/","url":"https:\/\/kyushomallorca.com\/wp-content\/uploads\/2020\/03\/LogoFILEminimizer.png","contentUrl":"https:\/\/kyushomallorca.com\/wp-content\/uploads\/2020\/03\/LogoFILEminimizer.png","width":728,"height":726,"caption":"DOJO KOBUKAN"},"image":{"@id":"https:\/\/kyushomallorca.com\/#\/schema\/logo\/image\/"},"sameAs":["https:\/\/www.facebook.com\/pedro.ferrari.5817","https:\/\/www.facebook.com\/profile.php?id=100083993152571"]}]}},"_links":{"self":[{"href":"https:\/\/kyushomallorca.com\/index.php\/wp-json\/wp\/v2\/pages\/735","targetHints":{"allow":["GET"]}}],"collection":[{"href":"https:\/\/kyushomallorca.com\/index.php\/wp-json\/wp\/v2\/pages"}],"about":[{"href":"https:\/\/kyushomallorca.com\/index.php\/wp-json\/wp\/v2\/types\/page"}],"author":[{"embeddable":true,"href":"https:\/\/kyushomallorca.com\/index.php\/wp-json\/wp\/v2\/users\/1"}],"replies":[{"embeddable":true,"href":"https:\/\/kyushomallorca.com\/index.php\/wp-json\/wp\/v2\/comments?post=735"}],"version-history":[{"count":9,"href":"https:\/\/kyushomallorca.com\/index.php\/wp-json\/wp\/v2\/pages\/735\/revisions"}],"predecessor-version":[{"id":1926,"href":"https:\/\/kyushomallorca.com\/index.php\/wp-json\/wp\/v2\/pages\/735\/revisions\/1926"}],"wp:attachment":[{"href":"https:\/\/kyushomallorca.com\/index.php\/wp-json\/wp\/v2\/media?parent=735"}],"curies":[{"name":"wp","href":"https:\/\/api.w.org\/{rel}","templated":true}]}}