{"id":769,"date":"2019-10-02T14:58:12","date_gmt":"2019-10-02T12:58:12","guid":{"rendered":"https:\/\/kyushomallorca.com\/?page_id=769"},"modified":"2024-09-02T07:47:20","modified_gmt":"2024-09-02T05:47:20","slug":"contacto","status":"publish","type":"page","link":"https:\/\/kyushomallorca.com\/index.php\/contacto\/","title":{"rendered":"H Contacto"},"content":{"rendered":"\t\t<div data-elementor-type=\"wp-page\" data-elementor-id=\"769\" class=\"elementor elementor-769\">\n\t\t\t\t\t\t<section class=\"elementor-section elementor-top-section elementor-element elementor-element-49f721c elementor-section-boxed elementor-section-height-default elementor-section-height-default\" data-id=\"49f721c\" data-element_type=\"section\">\n\t\t\t\t\t\t\t<div class=\"elementor-background-overlay\"><\/div>\n\t\t\t\t\t\t\t<div class=\"elementor-container elementor-column-gap-default\">\n\t\t\t\t\t<div class=\"elementor-column elementor-col-100 elementor-top-column elementor-element elementor-element-d4e1718\" data-id=\"d4e1718\" data-element_type=\"column\">\n\t\t\t<div class=\"elementor-widget-wrap elementor-element-populated\">\n\t\t\t\t\t\t<div class=\"elementor-element elementor-element-9ef6072 elementor-widget elementor-widget-heading\" data-id=\"9ef6072\" data-element_type=\"widget\" data-widget_type=\"heading.default\">\n\t\t\t\t<div class=\"elementor-widget-container\">\n\t\t\t\t\t<h2 class=\"elementor-heading-title elementor-size-default\">Contactar a trav\u00e9s de Facebook:<\/h2>\t\t\t\t<\/div>\n\t\t\t\t<\/div>\n\t\t\t\t<div class=\"elementor-element elementor-element-8b08502 elementor-shape-rounded elementor-grid-0 e-grid-align-center elementor-widget elementor-widget-social-icons\" data-id=\"8b08502\" data-element_type=\"widget\" data-widget_type=\"social-icons.default\">\n\t\t\t\t<div class=\"elementor-widget-container\">\n\t\t\t\t\t\t\t<div class=\"elementor-social-icons-wrapper elementor-grid\">\n\t\t\t\t\t\t\t<span class=\"elementor-grid-item\">\n\t\t\t\t\t<a class=\"elementor-icon elementor-social-icon elementor-social-icon-facebook elementor-repeater-item-9aa6b7f\" href=\"https:\/\/www.facebook.com\/pedro.ferrari.5817\" target=\"_blank\">\n\t\t\t\t\t\t<span class=\"elementor-screen-only\">Facebook<\/span>\n\t\t\t\t\t\t<i class=\"fab fa-facebook\"><\/i>\t\t\t\t\t<\/a>\n\t\t\t\t<\/span>\n\t\t\t\t\t<\/div>\n\t\t\t\t\t\t<\/div>\n\t\t\t\t<\/div>\n\t\t\t\t<div class=\"elementor-element elementor-element-32d1a61 elementor-widget elementor-widget-heading\" data-id=\"32d1a61\" data-element_type=\"widget\" data-widget_type=\"heading.default\">\n\t\t\t\t<div class=\"elementor-widget-container\">\n\t\t\t\t\t<h2 class=\"elementor-heading-title elementor-size-default\">Contacta a trav\u00e9s de formulario:\n\nDebido a problemas para la recepci\u00f3n de formulario rogamos realicen las consultas a trav\u00e9s de las otras formas de contacto.<\/h2>\t\t\t\t<\/div>\n\t\t\t\t<\/div>\n\t\t\t\t<div class=\"elementor-element elementor-element-00cce8a elementor-widget elementor-widget-heading\" data-id=\"00cce8a\" data-element_type=\"widget\" data-widget_type=\"heading.default\">\n\t\t\t\t<div class=\"elementor-widget-container\">\n\t\t\t\t\t<h2 class=\"elementor-heading-title elementor-size-default\">A trav\u00e9s de email:<\/h2>\t\t\t\t<\/div>\n\t\t\t\t<\/div>\n\t\t\t\t<div class=\"elementor-element elementor-element-74324a6 elementor-widget elementor-widget-text-editor\" data-id=\"74324a6\" data-element_type=\"widget\" data-widget_type=\"text-editor.default\">\n\t\t\t\t<div class=\"elementor-widget-container\">\n\t\t\t\t\t\t\t\t\t<p>pere95@hotmail.com<\/p>\t\t\t\t\t\t\t\t<\/div>\n\t\t\t\t<\/div>\n\t\t\t\t<div class=\"elementor-element elementor-element-a699250 elementor-widget elementor-widget-heading\" data-id=\"a699250\" data-element_type=\"widget\" data-widget_type=\"heading.default\">\n\t\t\t\t<div class=\"elementor-widget-container\">\n\t\t\t\t\t<h2 class=\"elementor-heading-title elementor-size-default\">Por tel\u00e9fono:<\/h2>\t\t\t\t<\/div>\n\t\t\t\t<\/div>\n\t\t\t\t<div class=\"elementor-element elementor-element-5882909 elementor-widget elementor-widget-text-editor\" data-id=\"5882909\" data-element_type=\"widget\" data-widget_type=\"text-editor.default\">\n\t\t\t\t<div class=\"elementor-widget-container\">\n\t\t\t\t\t\t\t\t\t<p><span style=\"color: #0000ff;\">629784172<\/span><\/p>\t\t\t\t\t\t\t\t<\/div>\n\t\t\t\t<\/div>\n\t\t\t\t<div class=\"elementor-element elementor-element-77c6ed6 elementor-widget elementor-widget-spacer\" data-id=\"77c6ed6\" data-element_type=\"widget\" data-widget_type=\"spacer.default\">\n\t\t\t\t<div class=\"elementor-widget-container\">\n\t\t\t\t\t\t\t<div class=\"elementor-spacer\">\n\t\t\t<div class=\"elementor-spacer-inner\"><\/div>\n\t\t<\/div>\n\t\t\t\t\t\t<\/div>\n\t\t\t\t<\/div>\n\t\t\t\t\t<\/div>\n\t\t<\/div>\n\t\t\t\t\t<\/div>\n\t\t<\/section>\n\t\t\t\t<section class=\"elementor-section elementor-top-section elementor-element elementor-element-33c0fd4 elementor-section-boxed elementor-section-height-default elementor-section-height-default\" data-id=\"33c0fd4\" data-element_type=\"section\">\n\t\t\t\t\t\t<div class=\"elementor-container elementor-column-gap-default\">\n\t\t\t\t\t<div class=\"elementor-column elementor-col-100 elementor-top-column elementor-element elementor-element-a99c966\" data-id=\"a99c966\" data-element_type=\"column\">\n\t\t\t<div class=\"elementor-widget-wrap elementor-element-populated\">\n\t\t\t\t\t\t\t<\/div>\n\t\t<\/div>\n\t\t\t\t\t<\/div>\n\t\t<\/section>\n\t\t\t\t<\/div>\n\t\t","protected":false},"excerpt":{"rendered":"<p>Contactar a trav\u00e9s de Facebook: Facebook Contacta a trav\u00e9s de formulario: Debido a problemas para la recepci\u00f3n de formulario rogamos realicen las consultas a trav\u00e9s de las otras formas de contacto. A trav\u00e9s de email: pere95@hotmail.com Por tel\u00e9fono: 629784172<\/p>\n","protected":false},"author":1,"featured_media":0,"parent":0,"menu_order":0,"comment_status":"closed","ping_status":"closed","template":"page-templates\/template-pagebuilder-full-width.php","meta":{"_monsterinsights_skip_tracking":false,"_monsterinsights_sitenote_active":false,"_monsterinsights_sitenote_note":"","_monsterinsights_sitenote_category":0,"footnotes":""},"class_list":["post-769","page","type-page","status-publish","hentry"],"yoast_head":"<!-- This site is optimized with the Yoast SEO plugin v27.5 - https:\/\/yoast.com\/product\/yoast-seo-wordpress\/ -->\n<title>H Contacto | DOJO KOBUKAN<\/title>\n<meta name=\"robots\" content=\"index, follow, max-snippet:-1, max-image-preview:large, max-video-preview:-1\" \/>\n<link rel=\"canonical\" href=\"https:\/\/kyushomallorca.com\/index.php\/contacto\/\" \/>\n<meta property=\"og:locale\" content=\"es_ES\" \/>\n<meta property=\"og:type\" content=\"article\" \/>\n<meta property=\"og:title\" content=\"H Contacto | DOJO KOBUKAN\" \/>\n<meta property=\"og:description\" content=\"Contactar a trav\u00e9s de Facebook: Facebook Contacta a trav\u00e9s de formulario: Debido a problemas para la recepci\u00f3n de formulario rogamos realicen las consultas a trav\u00e9s de las otras formas de contacto. A trav\u00e9s de email: pere95@hotmail.com Por tel\u00e9fono: 629784172\" \/>\n<meta property=\"og:url\" content=\"https:\/\/kyushomallorca.com\/index.php\/contacto\/\" \/>\n<meta property=\"og:site_name\" content=\"DOJO KOBUKAN\" \/>\n<meta property=\"article:publisher\" content=\"https:\/\/www.facebook.com\/pedro.ferrari.5817\" \/>\n<meta property=\"article:modified_time\" content=\"2024-09-02T05:47:20+00:00\" \/>\n<meta name=\"twitter:card\" content=\"summary_large_image\" \/>\n<script type=\"application\/ld+json\" class=\"yoast-schema-graph\">{\"@context\":\"https:\\\/\\\/schema.org\",\"@graph\":[{\"@type\":\"WebPage\",\"@id\":\"https:\\\/\\\/kyushomallorca.com\\\/index.php\\\/contacto\\\/\",\"url\":\"https:\\\/\\\/kyushomallorca.com\\\/index.php\\\/contacto\\\/\",\"name\":\"H Contacto | DOJO KOBUKAN\",\"isPartOf\":{\"@id\":\"https:\\\/\\\/kyushomallorca.com\\\/#website\"},\"datePublished\":\"2019-10-02T12:58:12+00:00\",\"dateModified\":\"2024-09-02T05:47:20+00:00\",\"breadcrumb\":{\"@id\":\"https:\\\/\\\/kyushomallorca.com\\\/index.php\\\/contacto\\\/#breadcrumb\"},\"inLanguage\":\"es\",\"potentialAction\":[{\"@type\":\"ReadAction\",\"target\":[\"https:\\\/\\\/kyushomallorca.com\\\/index.php\\\/contacto\\\/\"]}]},{\"@type\":\"BreadcrumbList\",\"@id\":\"https:\\\/\\\/kyushomallorca.com\\\/index.php\\\/contacto\\\/#breadcrumb\",\"itemListElement\":[{\"@type\":\"ListItem\",\"position\":1,\"name\":\"Inicio\",\"item\":\"https:\\\/\\\/kyushomallorca.com\\\/\"},{\"@type\":\"ListItem\",\"position\":2,\"name\":\"H Contacto\"}]},{\"@type\":\"WebSite\",\"@id\":\"https:\\\/\\\/kyushomallorca.com\\\/#website\",\"url\":\"https:\\\/\\\/kyushomallorca.com\\\/\",\"name\":\"DOJO KOBUKAN\",\"description\":\"\",\"publisher\":{\"@id\":\"https:\\\/\\\/kyushomallorca.com\\\/#organization\"},\"potentialAction\":[{\"@type\":\"SearchAction\",\"target\":{\"@type\":\"EntryPoint\",\"urlTemplate\":\"https:\\\/\\\/kyushomallorca.com\\\/?s={search_term_string}\"},\"query-input\":{\"@type\":\"PropertyValueSpecification\",\"valueRequired\":true,\"valueName\":\"search_term_string\"}}],\"inLanguage\":\"es\"},{\"@type\":\"Organization\",\"@id\":\"https:\\\/\\\/kyushomallorca.com\\\/#organization\",\"name\":\"DOJO KOBUKAN\",\"url\":\"https:\\\/\\\/kyushomallorca.com\\\/\",\"logo\":{\"@type\":\"ImageObject\",\"inLanguage\":\"es\",\"@id\":\"https:\\\/\\\/kyushomallorca.com\\\/#\\\/schema\\\/logo\\\/image\\\/\",\"url\":\"https:\\\/\\\/kyushomallorca.com\\\/wp-content\\\/uploads\\\/2020\\\/03\\\/LogoFILEminimizer.png\",\"contentUrl\":\"https:\\\/\\\/kyushomallorca.com\\\/wp-content\\\/uploads\\\/2020\\\/03\\\/LogoFILEminimizer.png\",\"width\":728,\"height\":726,\"caption\":\"DOJO KOBUKAN\"},\"image\":{\"@id\":\"https:\\\/\\\/kyushomallorca.com\\\/#\\\/schema\\\/logo\\\/image\\\/\"},\"sameAs\":[\"https:\\\/\\\/www.facebook.com\\\/pedro.ferrari.5817\",\"https:\\\/\\\/www.facebook.com\\\/profile.php?id=100083993152571\"]}]}<\/script>\n<!-- \/ Yoast SEO plugin. -->","yoast_head_json":{"title":"H Contacto | DOJO KOBUKAN","robots":{"index":"index","follow":"follow","max-snippet":"max-snippet:-1","max-image-preview":"max-image-preview:large","max-video-preview":"max-video-preview:-1"},"canonical":"https:\/\/kyushomallorca.com\/index.php\/contacto\/","og_locale":"es_ES","og_type":"article","og_title":"H Contacto | DOJO KOBUKAN","og_description":"Contactar a trav\u00e9s de Facebook: Facebook Contacta a trav\u00e9s de formulario: Debido a problemas para la recepci\u00f3n de formulario rogamos realicen las consultas a trav\u00e9s de las otras formas de contacto. A trav\u00e9s de email: pere95@hotmail.com Por tel\u00e9fono: 629784172","og_url":"https:\/\/kyushomallorca.com\/index.php\/contacto\/","og_site_name":"DOJO KOBUKAN","article_publisher":"https:\/\/www.facebook.com\/pedro.ferrari.5817","article_modified_time":"2024-09-02T05:47:20+00:00","twitter_card":"summary_large_image","schema":{"@context":"https:\/\/schema.org","@graph":[{"@type":"WebPage","@id":"https:\/\/kyushomallorca.com\/index.php\/contacto\/","url":"https:\/\/kyushomallorca.com\/index.php\/contacto\/","name":"H Contacto | DOJO KOBUKAN","isPartOf":{"@id":"https:\/\/kyushomallorca.com\/#website"},"datePublished":"2019-10-02T12:58:12+00:00","dateModified":"2024-09-02T05:47:20+00:00","breadcrumb":{"@id":"https:\/\/kyushomallorca.com\/index.php\/contacto\/#breadcrumb"},"inLanguage":"es","potentialAction":[{"@type":"ReadAction","target":["https:\/\/kyushomallorca.com\/index.php\/contacto\/"]}]},{"@type":"BreadcrumbList","@id":"https:\/\/kyushomallorca.com\/index.php\/contacto\/#breadcrumb","itemListElement":[{"@type":"ListItem","position":1,"name":"Inicio","item":"https:\/\/kyushomallorca.com\/"},{"@type":"ListItem","position":2,"name":"H Contacto"}]},{"@type":"WebSite","@id":"https:\/\/kyushomallorca.com\/#website","url":"https:\/\/kyushomallorca.com\/","name":"DOJO KOBUKAN","description":"","publisher":{"@id":"https:\/\/kyushomallorca.com\/#organization"},"potentialAction":[{"@type":"SearchAction","target":{"@type":"EntryPoint","urlTemplate":"https:\/\/kyushomallorca.com\/?s={search_term_string}"},"query-input":{"@type":"PropertyValueSpecification","valueRequired":true,"valueName":"search_term_string"}}],"inLanguage":"es"},{"@type":"Organization","@id":"https:\/\/kyushomallorca.com\/#organization","name":"DOJO KOBUKAN","url":"https:\/\/kyushomallorca.com\/","logo":{"@type":"ImageObject","inLanguage":"es","@id":"https:\/\/kyushomallorca.com\/#\/schema\/logo\/image\/","url":"https:\/\/kyushomallorca.com\/wp-content\/uploads\/2020\/03\/LogoFILEminimizer.png","contentUrl":"https:\/\/kyushomallorca.com\/wp-content\/uploads\/2020\/03\/LogoFILEminimizer.png","width":728,"height":726,"caption":"DOJO KOBUKAN"},"image":{"@id":"https:\/\/kyushomallorca.com\/#\/schema\/logo\/image\/"},"sameAs":["https:\/\/www.facebook.com\/pedro.ferrari.5817","https:\/\/www.facebook.com\/profile.php?id=100083993152571"]}]}},"_links":{"self":[{"href":"https:\/\/kyushomallorca.com\/index.php\/wp-json\/wp\/v2\/pages\/769","targetHints":{"allow":["GET"]}}],"collection":[{"href":"https:\/\/kyushomallorca.com\/index.php\/wp-json\/wp\/v2\/pages"}],"about":[{"href":"https:\/\/kyushomallorca.com\/index.php\/wp-json\/wp\/v2\/types\/page"}],"author":[{"embeddable":true,"href":"https:\/\/kyushomallorca.com\/index.php\/wp-json\/wp\/v2\/users\/1"}],"replies":[{"embeddable":true,"href":"https:\/\/kyushomallorca.com\/index.php\/wp-json\/wp\/v2\/comments?post=769"}],"version-history":[{"count":65,"href":"https:\/\/kyushomallorca.com\/index.php\/wp-json\/wp\/v2\/pages\/769\/revisions"}],"predecessor-version":[{"id":2151,"href":"https:\/\/kyushomallorca.com\/index.php\/wp-json\/wp\/v2\/pages\/769\/revisions\/2151"}],"wp:attachment":[{"href":"https:\/\/kyushomallorca.com\/index.php\/wp-json\/wp\/v2\/media?parent=769"}],"curies":[{"name":"wp","href":"https:\/\/api.w.org\/{rel}","templated":true}]}}