{"id":777,"date":"2019-10-02T15:01:23","date_gmt":"2019-10-02T13:01:23","guid":{"rendered":"https:\/\/kyushomallorca.com\/?page_id=777"},"modified":"2019-11-20T10:41:01","modified_gmt":"2019-11-20T09:41:01","slug":"k-sensei","status":"publish","type":"page","link":"https:\/\/kyushomallorca.com\/index.php\/k-sensei\/","title":{"rendered":"K Sensei"},"content":{"rendered":"\t\t<div data-elementor-type=\"wp-page\" data-elementor-id=\"777\" class=\"elementor elementor-777\">\n\t\t\t\t\t\t<section class=\"elementor-section elementor-top-section elementor-element elementor-element-63ac1ad elementor-section-boxed elementor-section-height-default elementor-section-height-default\" data-id=\"63ac1ad\" data-element_type=\"section\">\n\t\t\t\t\t\t\t<div class=\"elementor-background-overlay\"><\/div>\n\t\t\t\t\t\t\t<div class=\"elementor-container elementor-column-gap-default\">\n\t\t\t\t\t<div class=\"elementor-column elementor-col-100 elementor-top-column elementor-element elementor-element-fd2a2c4\" data-id=\"fd2a2c4\" data-element_type=\"column\">\n\t\t\t<div class=\"elementor-widget-wrap elementor-element-populated\">\n\t\t\t\t\t\t<div class=\"elementor-element elementor-element-c0ccfb0 elementor-widget elementor-widget-heading\" data-id=\"c0ccfb0\" data-element_type=\"widget\" data-widget_type=\"heading.default\">\n\t\t\t\t<div class=\"elementor-widget-container\">\n\t\t\t\t\t<h2 class=\"elementor-heading-title elementor-size-default\"><p><span style=\"letter-spacing: 0px\">Sensei:<\/span><span style=\"letter-spacing: 0px\"><\/span><\/p><\/h2>\t\t\t\t<\/div>\n\t\t\t\t<\/div>\n\t\t\t\t<div class=\"elementor-element elementor-element-1433df0 elementor-widget elementor-widget-heading\" data-id=\"1433df0\" data-element_type=\"widget\" data-widget_type=\"heading.default\">\n\t\t\t\t<div class=\"elementor-widget-container\">\n\t\t\t\t\t<h2 class=\"elementor-heading-title elementor-size-default\">Pedro Ferrer Garc\u00eda<\/h2>\t\t\t\t<\/div>\n\t\t\t\t<\/div>\n\t\t\t\t<div class=\"elementor-element elementor-element-3ea8c68 elementor-widget elementor-widget-heading\" data-id=\"3ea8c68\" data-element_type=\"widget\" data-widget_type=\"heading.default\">\n\t\t\t\t<div class=\"elementor-widget-container\">\n\t\t\t\t\t<h2 class=\"elementor-heading-title elementor-size-default\">Grados de artes marciales:<\/h2>\t\t\t\t<\/div>\n\t\t\t\t<\/div>\n\t\t\t\t<div class=\"elementor-element elementor-element-eda6cb8 elementor-widget elementor-widget-heading\" data-id=\"eda6cb8\" data-element_type=\"widget\" data-widget_type=\"heading.default\">\n\t\t\t\t<div class=\"elementor-widget-container\">\n\t\t\t\t\t<h2 class=\"elementor-heading-title elementor-size-default\">Cintur\u00f3n negro tercer Dan de Defensa Personal por la Federaci\u00f3n Espa\u00f1ola de Judo y DA.<br><br>Cintur\u00f3n negro primer Dan de Taekwondo por la Federaci\u00f3n Espa\u00f1ola de Taekwondo.<br><br>Cintur\u00f3n negro Tercer Dan  de Aikido por la Federaci\u00f3n Espa\u00f1ola de Judo y DA.<br><br>Cintur\u00f3n negro Tercer Dan por Aikikai Jap\u00f3n.<br><br>Cintur\u00f3n negro primer Dan Kyusho por la Dillman Karate Internacional.<br><br>Cintur\u00f3n negro primer Dan Kyusho por la Federaci\u00f3n Espa\u00f1ola de Luchas Olimpicas.<br><br>Cintur\u00f3n negro de Kyusho por AEKJ.<br><br>Segundo Nivel de Kyusho por MTS.<\/h2>\t\t\t\t<\/div>\n\t\t\t\t<\/div>\n\t\t\t\t<div class=\"elementor-element elementor-element-d075a60 elementor-widget elementor-widget-heading\" data-id=\"d075a60\" data-element_type=\"widget\" data-widget_type=\"heading.default\">\n\t\t\t\t<div class=\"elementor-widget-container\">\n\t\t\t\t\t<h2 class=\"elementor-heading-title elementor-size-default\">Titulaciones a nivel de ense\u00f1anza:<\/h2>\t\t\t\t<\/div>\n\t\t\t\t<\/div>\n\t\t\t\t<div class=\"elementor-element elementor-element-ade8172 elementor-widget elementor-widget-heading\" data-id=\"ade8172\" data-element_type=\"widget\" data-widget_type=\"heading.default\">\n\t\t\t\t<div class=\"elementor-widget-container\">\n\t\t\t\t\t<h2 class=\"elementor-heading-title elementor-size-default\">Maestro Nacional de Defensa Personal por la Federaci\u00f3n Espa\u00f1ola de Judo y DA.<br><br>Maestro Nacional de Aikido por la Federaci\u00f3n Espa\u00f1ola de Judo y DA.<br><br>Monitor Nacional Nivel I SDP Kyusho por la Federaci\u00f3n Espa\u00f1ola de Luchas Olimpicas y Disciplinas asociadas.<\/h2>\t\t\t\t<\/div>\n\t\t\t\t<\/div>\n\t\t\t\t<div class=\"elementor-element elementor-element-ffad9cc elementor-widget elementor-widget-text-editor\" data-id=\"ffad9cc\" data-element_type=\"widget\" data-widget_type=\"text-editor.default\">\n\t\t\t\t<div class=\"elementor-widget-container\">\n\t\t\t\t\t\t\t\t\t<div class=\"elementor-element elementor-element-0e5a8c3 elementor-widget elementor-widget-heading\" data-id=\"0e5a8c3\" data-element_type=\"widget\" data-widget_type=\"heading.default\"><p class=\"elementor-widget-container\"><img fetchpriority=\"high\" decoding=\"async\" class=\" wp-image-1102 alignleft\" src=\"http:\/\/kyushomallorca.com\/wp-content\/uploads\/2019\/10\/Sensei_KyushoFILEminimizer-163x300.png\" alt=\"\" width=\"225\" height=\"414\" srcset=\"https:\/\/kyushomallorca.com\/wp-content\/uploads\/2019\/10\/Sensei_KyushoFILEminimizer-163x300.png 163w, https:\/\/kyushomallorca.com\/wp-content\/uploads\/2019\/10\/Sensei_KyushoFILEminimizer-11x20.png 11w, https:\/\/kyushomallorca.com\/wp-content\/uploads\/2019\/10\/Sensei_KyushoFILEminimizer.png 478w\" sizes=\"(max-width: 225px) 100vw, 225px\" \/>Inici\u00e9 mi camino en las artes marciales a los 10 a\u00f1os en 1977 en el Gimnasio Sayfi en Inca, de la mano de \u00c1ngel Gil donde practiqu\u00e9 Judo durante cinco a\u00f1os.<\/p><\/div><p>En el a\u00f1o 1985 de la mano de la mano de Fernando Romero inici\u00e9 mi camino en el Taekwondo, pasando tambi\u00e9n por el Gimnasio Dochan donde saqu\u00e9 mi primer cintur\u00f3n negro en 1996 a trav\u00e9s de la Federaci\u00f3n Espa\u00f1ola de Taekwondo. Dentro de este periplo fui practicando tambi\u00e9n Kick-boxing y Thai Boxing de la mano de diferentes maestros.<\/p><p>En el a\u00f1o 2005 inicio mi etapa dentro del Aikido practicando actualmente dicha disciplina con mi maestro Paco Fern\u00e1ndez, a d\u00eda de hoy, ostentando el cintur\u00f3n negro tercer Dan de la Federaci\u00f3n Espa\u00f1ola de Judo, as\u00ed como de Aikikai Jap\u00f3n y teniendo el m\u00e1ximo t\u00edtulo en ense\u00f1anza de maestro nacional.<\/p><p>Tambi\u00e9n inici\u00e9 la pr\u00e1ctica en Defensa Personal de la Federaci\u00f3n Espa\u00f1ola de Judo ostentando tambi\u00e9n el cintur\u00f3n negro tercer dan de dicha disciplina y teniendo el m\u00e1ximo t\u00edtulo en ense\u00f1anza de maestro nacional.<\/p><p>Debido a la inquietud en las artes marciales y la curiosidad en cuanto al tema de los puntos de presi\u00f3n, recuper\u00e1ndome de una lesi\u00f3n pude conocer la asociaci\u00f3n Espa\u00f1ola de Kyusho Jitsu, AEKJ, de la cual tengo el placer de formar parte, de la cual me siento orgulloso de pertenecer dado el alto grado de sus maestros, Daniel Suelves, Rafael Pulgar\u00edn y Joan Carles S\u00e1nchez, por su gran implicaci\u00f3n en la difusi\u00f3n del Kyusho y que siempre est\u00e1n a tu disposici\u00f3n a la hora de aclararte cualquier duda.Tambi\u00e9n ostento el t\u00edtulo de Monitor nacional nivel I y cintur\u00f3n negro por la Federaci\u00f3n Espa\u00f1ola de Lucha y D.A.\u00a0<\/p><p>Adem\u00e1s he tenido el placer de aprender de uno de los precursores del Kyusho en Mallorca, maestro y amigo Toni Montana con el que he podido practicar unos a\u00f1os, ostentado el segundo nivel de Kyusho en MTS.<\/p>\t\t\t\t\t\t\t\t<\/div>\n\t\t\t\t<\/div>\n\t\t\t\t\t<\/div>\n\t\t<\/div>\n\t\t\t\t\t<\/div>\n\t\t<\/section>\n\t\t\t\t<\/div>\n\t\t","protected":false},"excerpt":{"rendered":"<p>Sensei: Pedro Ferrer Garc\u00eda Grados de artes marciales: Cintur\u00f3n negro tercer Dan de Defensa Personal por la Federaci\u00f3n Espa\u00f1ola de Judo y DA. Cintur\u00f3n negro primer Dan de Taekwondo por la Federaci\u00f3n Espa\u00f1ola de Taekwondo. Cintur\u00f3n negro Tercer Dan de Aikido por la Federaci\u00f3n Espa\u00f1ola de Judo y DA. Cintur\u00f3n negro Tercer Dan por Aikikai&hellip;&nbsp;<a href=\"https:\/\/kyushomallorca.com\/index.php\/k-sensei\/\" class=\"\" rel=\"bookmark\">Leer m\u00e1s &raquo;<span class=\"screen-reader-text\">K Sensei<\/span><\/a><\/p>\n","protected":false},"author":1,"featured_media":0,"parent":0,"menu_order":0,"comment_status":"closed","ping_status":"closed","template":"page-templates\/template-pagebuilder-full-width.php","meta":{"_monsterinsights_skip_tracking":false,"_monsterinsights_sitenote_active":false,"_monsterinsights_sitenote_note":"","_monsterinsights_sitenote_category":0,"footnotes":""},"class_list":["post-777","page","type-page","status-publish","hentry"],"yoast_head":"<!-- This site is optimized with the Yoast SEO plugin v27.3 - https:\/\/yoast.com\/product\/yoast-seo-wordpress\/ -->\n<title>K Sensei | DOJO KOBUKAN<\/title>\n<meta name=\"robots\" content=\"index, follow, max-snippet:-1, max-image-preview:large, max-video-preview:-1\" \/>\n<link rel=\"canonical\" href=\"https:\/\/kyushomallorca.com\/index.php\/k-sensei\/\" \/>\n<meta property=\"og:locale\" content=\"es_ES\" \/>\n<meta property=\"og:type\" content=\"article\" \/>\n<meta property=\"og:title\" content=\"K Sensei | DOJO KOBUKAN\" \/>\n<meta property=\"og:description\" content=\"Sensei: Pedro Ferrer Garc\u00eda Grados de artes marciales: Cintur\u00f3n negro tercer Dan de Defensa Personal por la Federaci\u00f3n Espa\u00f1ola de Judo y DA. Cintur\u00f3n negro primer Dan de Taekwondo por la Federaci\u00f3n Espa\u00f1ola de Taekwondo. Cintur\u00f3n negro Tercer Dan de Aikido por la Federaci\u00f3n Espa\u00f1ola de Judo y DA. Cintur\u00f3n negro Tercer Dan por Aikikai&hellip;&nbsp;Leer m\u00e1s &raquo;K Sensei\" \/>\n<meta property=\"og:url\" content=\"https:\/\/kyushomallorca.com\/index.php\/k-sensei\/\" \/>\n<meta property=\"og:site_name\" content=\"DOJO KOBUKAN\" \/>\n<meta property=\"article:publisher\" content=\"https:\/\/www.facebook.com\/pedro.ferrari.5817\" \/>\n<meta property=\"article:modified_time\" content=\"2019-11-20T09:41:01+00:00\" \/>\n<meta property=\"og:image\" content=\"https:\/\/kyushomallorca.com\/wp-content\/uploads\/2019\/10\/Sensei_KyushoFILEminimizer-163x300.png\" \/>\n<meta name=\"twitter:card\" content=\"summary_large_image\" \/>\n<script type=\"application\/ld+json\" class=\"yoast-schema-graph\">{\"@context\":\"https:\\\/\\\/schema.org\",\"@graph\":[{\"@type\":\"WebPage\",\"@id\":\"https:\\\/\\\/kyushomallorca.com\\\/index.php\\\/k-sensei\\\/\",\"url\":\"https:\\\/\\\/kyushomallorca.com\\\/index.php\\\/k-sensei\\\/\",\"name\":\"K Sensei | DOJO KOBUKAN\",\"isPartOf\":{\"@id\":\"https:\\\/\\\/kyushomallorca.com\\\/#website\"},\"primaryImageOfPage\":{\"@id\":\"https:\\\/\\\/kyushomallorca.com\\\/index.php\\\/k-sensei\\\/#primaryimage\"},\"image\":{\"@id\":\"https:\\\/\\\/kyushomallorca.com\\\/index.php\\\/k-sensei\\\/#primaryimage\"},\"thumbnailUrl\":\"https:\\\/\\\/kyushomallorca.com\\\/wp-content\\\/uploads\\\/2019\\\/10\\\/Sensei_KyushoFILEminimizer-163x300.png\",\"datePublished\":\"2019-10-02T13:01:23+00:00\",\"dateModified\":\"2019-11-20T09:41:01+00:00\",\"breadcrumb\":{\"@id\":\"https:\\\/\\\/kyushomallorca.com\\\/index.php\\\/k-sensei\\\/#breadcrumb\"},\"inLanguage\":\"es\",\"potentialAction\":[{\"@type\":\"ReadAction\",\"target\":[\"https:\\\/\\\/kyushomallorca.com\\\/index.php\\\/k-sensei\\\/\"]}]},{\"@type\":\"ImageObject\",\"inLanguage\":\"es\",\"@id\":\"https:\\\/\\\/kyushomallorca.com\\\/index.php\\\/k-sensei\\\/#primaryimage\",\"url\":\"https:\\\/\\\/kyushomallorca.com\\\/wp-content\\\/uploads\\\/2019\\\/10\\\/Sensei_KyushoFILEminimizer.png\",\"contentUrl\":\"https:\\\/\\\/kyushomallorca.com\\\/wp-content\\\/uploads\\\/2019\\\/10\\\/Sensei_KyushoFILEminimizer.png\",\"width\":478,\"height\":882},{\"@type\":\"BreadcrumbList\",\"@id\":\"https:\\\/\\\/kyushomallorca.com\\\/index.php\\\/k-sensei\\\/#breadcrumb\",\"itemListElement\":[{\"@type\":\"ListItem\",\"position\":1,\"name\":\"Inicio\",\"item\":\"https:\\\/\\\/kyushomallorca.com\\\/\"},{\"@type\":\"ListItem\",\"position\":2,\"name\":\"K Sensei\"}]},{\"@type\":\"WebSite\",\"@id\":\"https:\\\/\\\/kyushomallorca.com\\\/#website\",\"url\":\"https:\\\/\\\/kyushomallorca.com\\\/\",\"name\":\"DOJO KOBUKAN\",\"description\":\"\",\"publisher\":{\"@id\":\"https:\\\/\\\/kyushomallorca.com\\\/#organization\"},\"potentialAction\":[{\"@type\":\"SearchAction\",\"target\":{\"@type\":\"EntryPoint\",\"urlTemplate\":\"https:\\\/\\\/kyushomallorca.com\\\/?s={search_term_string}\"},\"query-input\":{\"@type\":\"PropertyValueSpecification\",\"valueRequired\":true,\"valueName\":\"search_term_string\"}}],\"inLanguage\":\"es\"},{\"@type\":\"Organization\",\"@id\":\"https:\\\/\\\/kyushomallorca.com\\\/#organization\",\"name\":\"DOJO KOBUKAN\",\"url\":\"https:\\\/\\\/kyushomallorca.com\\\/\",\"logo\":{\"@type\":\"ImageObject\",\"inLanguage\":\"es\",\"@id\":\"https:\\\/\\\/kyushomallorca.com\\\/#\\\/schema\\\/logo\\\/image\\\/\",\"url\":\"https:\\\/\\\/kyushomallorca.com\\\/wp-content\\\/uploads\\\/2020\\\/03\\\/LogoFILEminimizer.png\",\"contentUrl\":\"https:\\\/\\\/kyushomallorca.com\\\/wp-content\\\/uploads\\\/2020\\\/03\\\/LogoFILEminimizer.png\",\"width\":728,\"height\":726,\"caption\":\"DOJO KOBUKAN\"},\"image\":{\"@id\":\"https:\\\/\\\/kyushomallorca.com\\\/#\\\/schema\\\/logo\\\/image\\\/\"},\"sameAs\":[\"https:\\\/\\\/www.facebook.com\\\/pedro.ferrari.5817\",\"https:\\\/\\\/www.facebook.com\\\/profile.php?id=100083993152571\"]}]}<\/script>\n<!-- \/ Yoast SEO plugin. -->","yoast_head_json":{"title":"K Sensei | DOJO KOBUKAN","robots":{"index":"index","follow":"follow","max-snippet":"max-snippet:-1","max-image-preview":"max-image-preview:large","max-video-preview":"max-video-preview:-1"},"canonical":"https:\/\/kyushomallorca.com\/index.php\/k-sensei\/","og_locale":"es_ES","og_type":"article","og_title":"K Sensei | DOJO KOBUKAN","og_description":"Sensei: Pedro Ferrer Garc\u00eda Grados de artes marciales: Cintur\u00f3n negro tercer Dan de Defensa Personal por la Federaci\u00f3n Espa\u00f1ola de Judo y DA. Cintur\u00f3n negro primer Dan de Taekwondo por la Federaci\u00f3n Espa\u00f1ola de Taekwondo. Cintur\u00f3n negro Tercer Dan de Aikido por la Federaci\u00f3n Espa\u00f1ola de Judo y DA. Cintur\u00f3n negro Tercer Dan por Aikikai&hellip;&nbsp;Leer m\u00e1s &raquo;K Sensei","og_url":"https:\/\/kyushomallorca.com\/index.php\/k-sensei\/","og_site_name":"DOJO KOBUKAN","article_publisher":"https:\/\/www.facebook.com\/pedro.ferrari.5817","article_modified_time":"2019-11-20T09:41:01+00:00","og_image":[{"url":"https:\/\/kyushomallorca.com\/wp-content\/uploads\/2019\/10\/Sensei_KyushoFILEminimizer-163x300.png","type":"","width":"","height":""}],"twitter_card":"summary_large_image","schema":{"@context":"https:\/\/schema.org","@graph":[{"@type":"WebPage","@id":"https:\/\/kyushomallorca.com\/index.php\/k-sensei\/","url":"https:\/\/kyushomallorca.com\/index.php\/k-sensei\/","name":"K Sensei | DOJO KOBUKAN","isPartOf":{"@id":"https:\/\/kyushomallorca.com\/#website"},"primaryImageOfPage":{"@id":"https:\/\/kyushomallorca.com\/index.php\/k-sensei\/#primaryimage"},"image":{"@id":"https:\/\/kyushomallorca.com\/index.php\/k-sensei\/#primaryimage"},"thumbnailUrl":"https:\/\/kyushomallorca.com\/wp-content\/uploads\/2019\/10\/Sensei_KyushoFILEminimizer-163x300.png","datePublished":"2019-10-02T13:01:23+00:00","dateModified":"2019-11-20T09:41:01+00:00","breadcrumb":{"@id":"https:\/\/kyushomallorca.com\/index.php\/k-sensei\/#breadcrumb"},"inLanguage":"es","potentialAction":[{"@type":"ReadAction","target":["https:\/\/kyushomallorca.com\/index.php\/k-sensei\/"]}]},{"@type":"ImageObject","inLanguage":"es","@id":"https:\/\/kyushomallorca.com\/index.php\/k-sensei\/#primaryimage","url":"https:\/\/kyushomallorca.com\/wp-content\/uploads\/2019\/10\/Sensei_KyushoFILEminimizer.png","contentUrl":"https:\/\/kyushomallorca.com\/wp-content\/uploads\/2019\/10\/Sensei_KyushoFILEminimizer.png","width":478,"height":882},{"@type":"BreadcrumbList","@id":"https:\/\/kyushomallorca.com\/index.php\/k-sensei\/#breadcrumb","itemListElement":[{"@type":"ListItem","position":1,"name":"Inicio","item":"https:\/\/kyushomallorca.com\/"},{"@type":"ListItem","position":2,"name":"K Sensei"}]},{"@type":"WebSite","@id":"https:\/\/kyushomallorca.com\/#website","url":"https:\/\/kyushomallorca.com\/","name":"DOJO KOBUKAN","description":"","publisher":{"@id":"https:\/\/kyushomallorca.com\/#organization"},"potentialAction":[{"@type":"SearchAction","target":{"@type":"EntryPoint","urlTemplate":"https:\/\/kyushomallorca.com\/?s={search_term_string}"},"query-input":{"@type":"PropertyValueSpecification","valueRequired":true,"valueName":"search_term_string"}}],"inLanguage":"es"},{"@type":"Organization","@id":"https:\/\/kyushomallorca.com\/#organization","name":"DOJO KOBUKAN","url":"https:\/\/kyushomallorca.com\/","logo":{"@type":"ImageObject","inLanguage":"es","@id":"https:\/\/kyushomallorca.com\/#\/schema\/logo\/image\/","url":"https:\/\/kyushomallorca.com\/wp-content\/uploads\/2020\/03\/LogoFILEminimizer.png","contentUrl":"https:\/\/kyushomallorca.com\/wp-content\/uploads\/2020\/03\/LogoFILEminimizer.png","width":728,"height":726,"caption":"DOJO KOBUKAN"},"image":{"@id":"https:\/\/kyushomallorca.com\/#\/schema\/logo\/image\/"},"sameAs":["https:\/\/www.facebook.com\/pedro.ferrari.5817","https:\/\/www.facebook.com\/profile.php?id=100083993152571"]}]}},"_links":{"self":[{"href":"https:\/\/kyushomallorca.com\/index.php\/wp-json\/wp\/v2\/pages\/777","targetHints":{"allow":["GET"]}}],"collection":[{"href":"https:\/\/kyushomallorca.com\/index.php\/wp-json\/wp\/v2\/pages"}],"about":[{"href":"https:\/\/kyushomallorca.com\/index.php\/wp-json\/wp\/v2\/types\/page"}],"author":[{"embeddable":true,"href":"https:\/\/kyushomallorca.com\/index.php\/wp-json\/wp\/v2\/users\/1"}],"replies":[{"embeddable":true,"href":"https:\/\/kyushomallorca.com\/index.php\/wp-json\/wp\/v2\/comments?post=777"}],"version-history":[{"count":6,"href":"https:\/\/kyushomallorca.com\/index.php\/wp-json\/wp\/v2\/pages\/777\/revisions"}],"predecessor-version":[{"id":1241,"href":"https:\/\/kyushomallorca.com\/index.php\/wp-json\/wp\/v2\/pages\/777\/revisions\/1241"}],"wp:attachment":[{"href":"https:\/\/kyushomallorca.com\/index.php\/wp-json\/wp\/v2\/media?parent=777"}],"curies":[{"name":"wp","href":"https:\/\/api.w.org\/{rel}","templated":true}]}}